{"id":21644,"date":"2019-09-27T14:51:30","date_gmt":"2019-09-27T14:51:30","guid":{"rendered":"https:\/\/www.akvospiralift.com\/akvo-loesungen\/public\/"},"modified":"2023-05-17T09:36:12","modified_gmt":"2023-05-17T13:36:12","slug":"oeffentlich","status":"publish","type":"page","link":"https:\/\/www.akvospiralift.com\/de\/akvo-loesungen\/oeffentlich\/","title":{"rendered":"\u00d6ffentlich"},"content":{"rendered":"<h1>EINE GANZE REIHE VON WASSERAKTIVIT\u00c4TEN<\/h1>\n<p>Mit AKVO Spiralift<sup>\u00ae<\/sup> kann ihr Schwimmbad innerhalb von Minuten so oft am Tag flacher oder tiefer gemacht werden, wie es Ihre Einrichtung erfordert. Stellen Sie sich ein Schwimmbad vor, das Schwimmunterricht, Wasserballspiele und Aquafitness-Kurse bieten kann; ein Becken, das sich schnell an die Anforderungen f\u00fcr Wettbewerbe (z.B. FINA) anpasst oder f\u00fcr j\u00fcngere Kinder zum planschen extrem sicher wird. Genau das bietet AKVO Spiralift<sup>\u00ae<\/sup>: ein beweglicher Beckenboden, der bei Bedarf angehoben und abgesenkt werden kann und Ihr \u00f6ffentliches Schwimmbad in eine Mehrzweck-Wasseranlage verwandelt.<\/p>\n<div class=\"btn-wrapper text-center visible-xs\"><a class=\"btn btn-solid\" href=\"https:\/\/www.akvospiralift.com\/de\/kontakt\/\">KONTAKT<\/a> <a class=\"btn btn-outline black-text\" href=\"https:\/\/www.akvospiralift.com\/de\/akvo-loesungen\/oeffentlich\/beweglicher-beckenboden\/\">MEHR \u00dcBER BEWEGLICHE BECKENB\u00d6DEN<\/a><\/div>\n","protected":false},"excerpt":{"rendered":"<p>EINE GANZE REIHE VON WASSERAKTIVIT\u00c4TEN Mit AKVO Spiralift\u00ae kann ihr Schwimmbad innerhalb von Minuten so oft am Tag flacher oder tiefer gemacht werden, wie es Ihre Einrichtung erfordert. Stellen Sie sich ein Schwimmbad vor, das Schwimmunterricht, Wasserballspiele und Aquafitness-Kurse bieten kann; ein Becken, das sich schnell an die Anforderungen f\u00fcr Wettbewerbe (z.B. FINA) anpasst oder [&hellip;]<\/p>\n","protected":false},"author":31,"featured_media":0,"parent":21404,"menu_order":0,"comment_status":"closed","ping_status":"closed","template":"templates\/template-pool-type.php","meta":{"_acf_changed":false,"footnotes":""},"class_list":["post-21644","page","type-page","status-publish","hentry"],"acf":[],"yoast_head":"<!-- This site is optimized with the Yoast SEO plugin v27.5 - https:\/\/yoast.com\/product\/yoast-seo-wordpress\/ -->\n<title>Movable Pool Floor for Public Pool - AKVO Spiralift<\/title>\n<meta name=\"robots\" content=\"index, follow, max-snippet:-1, max-image-preview:large, max-video-preview:-1\" \/>\n<link rel=\"canonical\" href=\"https:\/\/www.akvospiralift.com\/de\/akvo-loesungen\/oeffentlich\/\" \/>\n<meta property=\"og:locale\" content=\"de_DE\" \/>\n<meta property=\"og:type\" content=\"article\" \/>\n<meta property=\"og:title\" content=\"Movable Pool Floor for Public Pool - AKVO Spiralift\" \/>\n<meta property=\"og:description\" content=\"EINE GANZE REIHE VON WASSERAKTIVIT\u00c4TEN Mit AKVO Spiralift\u00ae kann ihr Schwimmbad innerhalb von Minuten so oft am Tag flacher oder tiefer gemacht werden, wie es Ihre Einrichtung erfordert. Stellen Sie sich ein Schwimmbad vor, das Schwimmunterricht, Wasserballspiele und Aquafitness-Kurse bieten kann; ein Becken, das sich schnell an die Anforderungen f\u00fcr Wettbewerbe (z.B. FINA) anpasst oder [&hellip;]\" \/>\n<meta property=\"og:url\" content=\"https:\/\/www.akvospiralift.com\/de\/akvo-loesungen\/oeffentlich\/\" \/>\n<meta property=\"og:site_name\" content=\"AKVO Spiralift\" \/>\n<meta property=\"article:modified_time\" content=\"2023-05-17T13:36:12+00:00\" \/>\n<meta name=\"twitter:label1\" content=\"Gesch\u00e4tzte Lesezeit\" \/>\n\t<meta name=\"twitter:data1\" content=\"1\u00a0Minute\" \/>\n<script type=\"application\/ld+json\" class=\"yoast-schema-graph\">{\"@context\":\"https:\\\/\\\/schema.org\",\"@graph\":[{\"@type\":\"WebPage\",\"@id\":\"https:\\\/\\\/www.akvospiralift.com\\\/de\\\/akvo-loesungen\\\/oeffentlich\\\/\",\"url\":\"https:\\\/\\\/www.akvospiralift.com\\\/de\\\/akvo-loesungen\\\/oeffentlich\\\/\",\"name\":\"Movable Pool Floor for Public Pool - AKVO Spiralift\",\"isPartOf\":{\"@id\":\"https:\\\/\\\/www.akvospiralift.com\\\/#website\"},\"datePublished\":\"2019-09-27T14:51:30+00:00\",\"dateModified\":\"2023-05-17T13:36:12+00:00\",\"breadcrumb\":{\"@id\":\"https:\\\/\\\/www.akvospiralift.com\\\/de\\\/akvo-loesungen\\\/oeffentlich\\\/#breadcrumb\"},\"inLanguage\":\"de\",\"potentialAction\":[{\"@type\":\"ReadAction\",\"target\":[\"https:\\\/\\\/www.akvospiralift.com\\\/de\\\/akvo-loesungen\\\/oeffentlich\\\/\"]}]},{\"@type\":\"BreadcrumbList\",\"@id\":\"https:\\\/\\\/www.akvospiralift.com\\\/de\\\/akvo-loesungen\\\/oeffentlich\\\/#breadcrumb\",\"itemListElement\":[{\"@type\":\"ListItem\",\"position\":1,\"name\":\"Home\",\"item\":\"https:\\\/\\\/www.akvospiralift.com\\\/de\\\/\"},{\"@type\":\"ListItem\",\"position\":2,\"name\":\"Akvo-L\u00f6sungen\",\"item\":\"https:\\\/\\\/www.akvospiralift.com\\\/de\\\/akvo-loesungen\\\/\"},{\"@type\":\"ListItem\",\"position\":3,\"name\":\"\u00d6ffentlich\"}]},{\"@type\":\"WebSite\",\"@id\":\"https:\\\/\\\/www.akvospiralift.com\\\/#website\",\"url\":\"https:\\\/\\\/www.akvospiralift.com\\\/\",\"name\":\"AKVO Spiralift\",\"description\":\"\",\"potentialAction\":[{\"@type\":\"SearchAction\",\"target\":{\"@type\":\"EntryPoint\",\"urlTemplate\":\"https:\\\/\\\/www.akvospiralift.com\\\/?s={search_term_string}\"},\"query-input\":{\"@type\":\"PropertyValueSpecification\",\"valueRequired\":true,\"valueName\":\"search_term_string\"}}],\"inLanguage\":\"de\"}]}<\/script>\n<!-- \/ Yoast SEO plugin. -->","yoast_head_json":{"title":"Movable Pool Floor for Public Pool - AKVO Spiralift","robots":{"index":"index","follow":"follow","max-snippet":"max-snippet:-1","max-image-preview":"max-image-preview:large","max-video-preview":"max-video-preview:-1"},"canonical":"https:\/\/www.akvospiralift.com\/de\/akvo-loesungen\/oeffentlich\/","og_locale":"de_DE","og_type":"article","og_title":"Movable Pool Floor for Public Pool - AKVO Spiralift","og_description":"EINE GANZE REIHE VON WASSERAKTIVIT\u00c4TEN Mit AKVO Spiralift\u00ae kann ihr Schwimmbad innerhalb von Minuten so oft am Tag flacher oder tiefer gemacht werden, wie es Ihre Einrichtung erfordert. Stellen Sie sich ein Schwimmbad vor, das Schwimmunterricht, Wasserballspiele und Aquafitness-Kurse bieten kann; ein Becken, das sich schnell an die Anforderungen f\u00fcr Wettbewerbe (z.B. FINA) anpasst oder [&hellip;]","og_url":"https:\/\/www.akvospiralift.com\/de\/akvo-loesungen\/oeffentlich\/","og_site_name":"AKVO Spiralift","article_modified_time":"2023-05-17T13:36:12+00:00","twitter_misc":{"Gesch\u00e4tzte Lesezeit":"1\u00a0Minute"},"schema":{"@context":"https:\/\/schema.org","@graph":[{"@type":"WebPage","@id":"https:\/\/www.akvospiralift.com\/de\/akvo-loesungen\/oeffentlich\/","url":"https:\/\/www.akvospiralift.com\/de\/akvo-loesungen\/oeffentlich\/","name":"Movable Pool Floor for Public Pool - AKVO Spiralift","isPartOf":{"@id":"https:\/\/www.akvospiralift.com\/#website"},"datePublished":"2019-09-27T14:51:30+00:00","dateModified":"2023-05-17T13:36:12+00:00","breadcrumb":{"@id":"https:\/\/www.akvospiralift.com\/de\/akvo-loesungen\/oeffentlich\/#breadcrumb"},"inLanguage":"de","potentialAction":[{"@type":"ReadAction","target":["https:\/\/www.akvospiralift.com\/de\/akvo-loesungen\/oeffentlich\/"]}]},{"@type":"BreadcrumbList","@id":"https:\/\/www.akvospiralift.com\/de\/akvo-loesungen\/oeffentlich\/#breadcrumb","itemListElement":[{"@type":"ListItem","position":1,"name":"Home","item":"https:\/\/www.akvospiralift.com\/de\/"},{"@type":"ListItem","position":2,"name":"Akvo-L\u00f6sungen","item":"https:\/\/www.akvospiralift.com\/de\/akvo-loesungen\/"},{"@type":"ListItem","position":3,"name":"\u00d6ffentlich"}]},{"@type":"WebSite","@id":"https:\/\/www.akvospiralift.com\/#website","url":"https:\/\/www.akvospiralift.com\/","name":"AKVO Spiralift","description":"","potentialAction":[{"@type":"SearchAction","target":{"@type":"EntryPoint","urlTemplate":"https:\/\/www.akvospiralift.com\/?s={search_term_string}"},"query-input":{"@type":"PropertyValueSpecification","valueRequired":true,"valueName":"search_term_string"}}],"inLanguage":"de"}]}},"_links":{"self":[{"href":"https:\/\/www.akvospiralift.com\/de\/wp-json\/wp\/v2\/pages\/21644","targetHints":{"allow":["GET"]}}],"collection":[{"href":"https:\/\/www.akvospiralift.com\/de\/wp-json\/wp\/v2\/pages"}],"about":[{"href":"https:\/\/www.akvospiralift.com\/de\/wp-json\/wp\/v2\/types\/page"}],"author":[{"embeddable":true,"href":"https:\/\/www.akvospiralift.com\/de\/wp-json\/wp\/v2\/users\/31"}],"replies":[{"embeddable":true,"href":"https:\/\/www.akvospiralift.com\/de\/wp-json\/wp\/v2\/comments?post=21644"}],"version-history":[{"count":0,"href":"https:\/\/www.akvospiralift.com\/de\/wp-json\/wp\/v2\/pages\/21644\/revisions"}],"up":[{"embeddable":true,"href":"https:\/\/www.akvospiralift.com\/de\/wp-json\/wp\/v2\/pages\/21404"}],"wp:attachment":[{"href":"https:\/\/www.akvospiralift.com\/de\/wp-json\/wp\/v2\/media?parent=21644"}],"curies":[{"name":"wp","href":"https:\/\/api.w.org\/{rel}","templated":true}]}}