{"id":21904,"date":"2019-09-25T03:37:38","date_gmt":"2019-09-25T03:37:38","guid":{"rendered":"https:\/\/www.akvospiralift.com\/akvo-loesungen\/residential\/"},"modified":"2022-05-13T16:01:27","modified_gmt":"2022-05-13T20:01:27","slug":"privat","status":"publish","type":"page","link":"https:\/\/www.akvospiralift.com\/de\/akvo-loesungen\/privat\/","title":{"rendered":"Privat"},"content":{"rendered":"<h1>IN HARMONIE<br \/>\nMIT IHREM LEBENSSTIL<\/h1>\n<p>Mit AKVO Spiralift<sup>\u00ae<\/sup> k\u00f6nnen Sie Ihren Wohnraum oder Garten auf Knopfdruck umgestalten! Er ist ein Becken, wenn Sie ihn brauchen. Eines, dessen Tiefe auf Wunsch angepasst werden kann, um verschiedene Wasseraktivit\u00e4ten zu erm\u00f6glichen und die Sicherheit der Benutzer zu erh\u00f6hen.<\/p>\n<p>Er ist eine Terrasse, wenn die Zeit reif ist, um zum Essen und Spielen eingerichtet zu werden. Dar\u00fcber hinaus fungiert der AKVO-Spirallift-Hubboden als Beckenabdeckung, wodurch die Verdunstung am Tag und der W\u00e4rmeverlust in der Nacht reduziert wird, was die Reinigungszeit und die Betriebskosten verringert.<\/p>\n<div class=\"btn-wrapper text-center visible-xs\"><a class=\"btn btn-solid\" href=\"\/?page_id=13\">KONTAKT<\/a> <a class=\"btn btn-outline black-text\" href=\"https:\/\/www.akvospiralift.com\/akvo-solutions\/residential\/movable-pool-floor-residential\/\">MEHR \u00dcBER BEWEGLICHE BECKENB\u00d6DEN<\/a><\/div>\n","protected":false},"excerpt":{"rendered":"<p>IN HARMONIE MIT IHREM LEBENSSTIL Mit AKVO Spiralift\u00ae k\u00f6nnen Sie Ihren Wohnraum oder Garten auf Knopfdruck umgestalten! Er ist ein Becken, wenn Sie ihn brauchen. Eines, dessen Tiefe auf Wunsch angepasst werden kann, um verschiedene Wasseraktivit\u00e4ten zu erm\u00f6glichen und die Sicherheit der Benutzer zu erh\u00f6hen. Er ist eine Terrasse, wenn die Zeit reif ist, um [&hellip;]<\/p>\n","protected":false},"author":31,"featured_media":0,"parent":21404,"menu_order":0,"comment_status":"closed","ping_status":"closed","template":"templates\/template-pool-type.php","meta":{"_acf_changed":false,"footnotes":""},"class_list":["post-21904","page","type-page","status-publish","hentry"],"acf":[],"yoast_head":"<!-- This site is optimized with the Yoast SEO plugin v27.2 - https:\/\/yoast.com\/product\/yoast-seo-wordpress\/ -->\n<title>Movable Pool Floor for Residential Pool - AKVO Spiralift<\/title>\n<meta name=\"robots\" content=\"index, follow, max-snippet:-1, max-image-preview:large, max-video-preview:-1\" \/>\n<link rel=\"canonical\" href=\"https:\/\/www.akvospiralift.com\/de\/akvo-loesungen\/privat\/\" \/>\n<meta property=\"og:locale\" content=\"de_DE\" \/>\n<meta property=\"og:type\" content=\"article\" \/>\n<meta property=\"og:title\" content=\"Movable Pool Floor for Residential Pool - AKVO Spiralift\" \/>\n<meta property=\"og:description\" content=\"IN HARMONIE MIT IHREM LEBENSSTIL Mit AKVO Spiralift\u00ae k\u00f6nnen Sie Ihren Wohnraum oder Garten auf Knopfdruck umgestalten! Er ist ein Becken, wenn Sie ihn brauchen. Eines, dessen Tiefe auf Wunsch angepasst werden kann, um verschiedene Wasseraktivit\u00e4ten zu erm\u00f6glichen und die Sicherheit der Benutzer zu erh\u00f6hen. Er ist eine Terrasse, wenn die Zeit reif ist, um [&hellip;]\" \/>\n<meta property=\"og:url\" content=\"https:\/\/www.akvospiralift.com\/de\/akvo-loesungen\/privat\/\" \/>\n<meta property=\"og:site_name\" content=\"AKVO Spiralift\" \/>\n<meta property=\"article:modified_time\" content=\"2022-05-13T20:01:27+00:00\" \/>\n<meta name=\"twitter:label1\" content=\"Gesch\u00e4tzte Lesezeit\" \/>\n\t<meta name=\"twitter:data1\" content=\"1\u00a0Minute\" \/>\n<script type=\"application\/ld+json\" class=\"yoast-schema-graph\">{\"@context\":\"https:\/\/schema.org\",\"@graph\":[{\"@type\":\"WebPage\",\"@id\":\"https:\/\/www.akvospiralift.com\/de\/akvo-loesungen\/privat\/\",\"url\":\"https:\/\/www.akvospiralift.com\/de\/akvo-loesungen\/privat\/\",\"name\":\"Movable Pool Floor for Residential Pool - AKVO Spiralift\",\"isPartOf\":{\"@id\":\"https:\/\/www.akvospiralift.com\/#website\"},\"datePublished\":\"2019-09-25T03:37:38+00:00\",\"dateModified\":\"2022-05-13T20:01:27+00:00\",\"breadcrumb\":{\"@id\":\"https:\/\/www.akvospiralift.com\/de\/akvo-loesungen\/privat\/#breadcrumb\"},\"inLanguage\":\"de\",\"potentialAction\":[{\"@type\":\"ReadAction\",\"target\":[\"https:\/\/www.akvospiralift.com\/de\/akvo-loesungen\/privat\/\"]}]},{\"@type\":\"BreadcrumbList\",\"@id\":\"https:\/\/www.akvospiralift.com\/de\/akvo-loesungen\/privat\/#breadcrumb\",\"itemListElement\":[{\"@type\":\"ListItem\",\"position\":1,\"name\":\"Home\",\"item\":\"https:\/\/www.akvospiralift.com\/de\/\"},{\"@type\":\"ListItem\",\"position\":2,\"name\":\"Akvo-L\u00f6sungen\",\"item\":\"https:\/\/www.akvospiralift.com\/de\/akvo-loesungen\/\"},{\"@type\":\"ListItem\",\"position\":3,\"name\":\"Privat\"}]},{\"@type\":\"WebSite\",\"@id\":\"https:\/\/www.akvospiralift.com\/#website\",\"url\":\"https:\/\/www.akvospiralift.com\/\",\"name\":\"AKVO Spiralift\",\"description\":\"\",\"potentialAction\":[{\"@type\":\"SearchAction\",\"target\":{\"@type\":\"EntryPoint\",\"urlTemplate\":\"https:\/\/www.akvospiralift.com\/?s={search_term_string}\"},\"query-input\":{\"@type\":\"PropertyValueSpecification\",\"valueRequired\":true,\"valueName\":\"search_term_string\"}}],\"inLanguage\":\"de\"}]}<\/script>\n<!-- \/ Yoast SEO plugin. -->","yoast_head_json":{"title":"Movable Pool Floor for Residential Pool - AKVO Spiralift","robots":{"index":"index","follow":"follow","max-snippet":"max-snippet:-1","max-image-preview":"max-image-preview:large","max-video-preview":"max-video-preview:-1"},"canonical":"https:\/\/www.akvospiralift.com\/de\/akvo-loesungen\/privat\/","og_locale":"de_DE","og_type":"article","og_title":"Movable Pool Floor for Residential Pool - AKVO Spiralift","og_description":"IN HARMONIE MIT IHREM LEBENSSTIL Mit AKVO Spiralift\u00ae k\u00f6nnen Sie Ihren Wohnraum oder Garten auf Knopfdruck umgestalten! Er ist ein Becken, wenn Sie ihn brauchen. Eines, dessen Tiefe auf Wunsch angepasst werden kann, um verschiedene Wasseraktivit\u00e4ten zu erm\u00f6glichen und die Sicherheit der Benutzer zu erh\u00f6hen. Er ist eine Terrasse, wenn die Zeit reif ist, um [&hellip;]","og_url":"https:\/\/www.akvospiralift.com\/de\/akvo-loesungen\/privat\/","og_site_name":"AKVO Spiralift","article_modified_time":"2022-05-13T20:01:27+00:00","twitter_misc":{"Gesch\u00e4tzte Lesezeit":"1\u00a0Minute"},"schema":{"@context":"https:\/\/schema.org","@graph":[{"@type":"WebPage","@id":"https:\/\/www.akvospiralift.com\/de\/akvo-loesungen\/privat\/","url":"https:\/\/www.akvospiralift.com\/de\/akvo-loesungen\/privat\/","name":"Movable Pool Floor for Residential Pool - AKVO Spiralift","isPartOf":{"@id":"https:\/\/www.akvospiralift.com\/#website"},"datePublished":"2019-09-25T03:37:38+00:00","dateModified":"2022-05-13T20:01:27+00:00","breadcrumb":{"@id":"https:\/\/www.akvospiralift.com\/de\/akvo-loesungen\/privat\/#breadcrumb"},"inLanguage":"de","potentialAction":[{"@type":"ReadAction","target":["https:\/\/www.akvospiralift.com\/de\/akvo-loesungen\/privat\/"]}]},{"@type":"BreadcrumbList","@id":"https:\/\/www.akvospiralift.com\/de\/akvo-loesungen\/privat\/#breadcrumb","itemListElement":[{"@type":"ListItem","position":1,"name":"Home","item":"https:\/\/www.akvospiralift.com\/de\/"},{"@type":"ListItem","position":2,"name":"Akvo-L\u00f6sungen","item":"https:\/\/www.akvospiralift.com\/de\/akvo-loesungen\/"},{"@type":"ListItem","position":3,"name":"Privat"}]},{"@type":"WebSite","@id":"https:\/\/www.akvospiralift.com\/#website","url":"https:\/\/www.akvospiralift.com\/","name":"AKVO Spiralift","description":"","potentialAction":[{"@type":"SearchAction","target":{"@type":"EntryPoint","urlTemplate":"https:\/\/www.akvospiralift.com\/?s={search_term_string}"},"query-input":{"@type":"PropertyValueSpecification","valueRequired":true,"valueName":"search_term_string"}}],"inLanguage":"de"}]}},"_links":{"self":[{"href":"https:\/\/www.akvospiralift.com\/de\/wp-json\/wp\/v2\/pages\/21904","targetHints":{"allow":["GET"]}}],"collection":[{"href":"https:\/\/www.akvospiralift.com\/de\/wp-json\/wp\/v2\/pages"}],"about":[{"href":"https:\/\/www.akvospiralift.com\/de\/wp-json\/wp\/v2\/types\/page"}],"author":[{"embeddable":true,"href":"https:\/\/www.akvospiralift.com\/de\/wp-json\/wp\/v2\/users\/31"}],"replies":[{"embeddable":true,"href":"https:\/\/www.akvospiralift.com\/de\/wp-json\/wp\/v2\/comments?post=21904"}],"version-history":[{"count":0,"href":"https:\/\/www.akvospiralift.com\/de\/wp-json\/wp\/v2\/pages\/21904\/revisions"}],"up":[{"embeddable":true,"href":"https:\/\/www.akvospiralift.com\/de\/wp-json\/wp\/v2\/pages\/21404"}],"wp:attachment":[{"href":"https:\/\/www.akvospiralift.com\/de\/wp-json\/wp\/v2\/media?parent=21904"}],"curies":[{"name":"wp","href":"https:\/\/api.w.org\/{rel}","templated":true}]}}