{"id":22144,"date":"2019-09-24T11:16:26","date_gmt":"2019-09-24T11:16:26","guid":{"rendered":"https:\/\/www.akvospiralift.com\/akvo-loesungen\/privat\/movable-pool-floor-residential\/"},"modified":"2020-04-07T17:07:22","modified_gmt":"2020-04-07T17:07:22","slug":"beweglicher-beckenboden","status":"publish","type":"page","link":"https:\/\/www.akvospiralift.com\/de\/akvo-loesungen\/privat\/beweglicher-beckenboden\/","title":{"rendered":"Hubboden"},"content":{"rendered":"<p>Durch die Installation eines Hubbodens kann der  Beckenboden angehoben und abgesenkt werden, um unterschiedliche Tiefen innerhalb eines Beckens zu erreichen. Dies erweitert die Bandbreite der m\u00f6glichen Wasseraktivit\u00e4ten und bietet eine ebene Bodenfl\u00e4che, wenn das Becken nicht benutzt wird. In den letzten Jahren hat sich dies als effiziente M\u00f6glichkeit zur L\u00f6sung von Raum- und Sicherheitsfragen durchgesetzt.<\/p>\n","protected":false},"excerpt":{"rendered":"<p>Durch die Installation eines Hubbodens kann der Beckenboden angehoben und abgesenkt werden, um unterschiedliche Tiefen innerhalb eines Beckens zu erreichen. Dies erweitert die Bandbreite der m\u00f6glichen Wasseraktivit\u00e4ten und bietet eine ebene Bodenfl\u00e4che, wenn das Becken nicht benutzt wird. In den letzten Jahren hat sich dies als effiziente M\u00f6glichkeit zur L\u00f6sung von Raum- und Sicherheitsfragen durchgesetzt.<\/p>\n","protected":false},"author":31,"featured_media":0,"parent":21904,"menu_order":0,"comment_status":"closed","ping_status":"closed","template":"template-movable-pool-floor.php","meta":{"_acf_changed":false,"footnotes":""},"class_list":["post-22144","page","type-page","status-publish","hentry"],"acf":[],"yoast_head":"<!-- This site is optimized with the Yoast SEO plugin v27.2 - https:\/\/yoast.com\/product\/yoast-seo-wordpress\/ -->\n<title>Hubboden - AKVO Spiralift<\/title>\n<meta name=\"robots\" content=\"index, follow, max-snippet:-1, max-image-preview:large, max-video-preview:-1\" \/>\n<link rel=\"canonical\" href=\"https:\/\/www.akvospiralift.com\/de\/akvo-loesungen\/privat\/beweglicher-beckenboden\/\" \/>\n<meta property=\"og:locale\" content=\"de_DE\" \/>\n<meta property=\"og:type\" content=\"article\" \/>\n<meta property=\"og:title\" content=\"Hubboden - AKVO Spiralift\" \/>\n<meta property=\"og:description\" content=\"Durch die Installation eines Hubbodens kann der Beckenboden angehoben und abgesenkt werden, um unterschiedliche Tiefen innerhalb eines Beckens zu erreichen. Dies erweitert die Bandbreite der m\u00f6glichen Wasseraktivit\u00e4ten und bietet eine ebene Bodenfl\u00e4che, wenn das Becken nicht benutzt wird. In den letzten Jahren hat sich dies als effiziente M\u00f6glichkeit zur L\u00f6sung von Raum- und Sicherheitsfragen durchgesetzt.\" \/>\n<meta property=\"og:url\" content=\"https:\/\/www.akvospiralift.com\/de\/akvo-loesungen\/privat\/beweglicher-beckenboden\/\" \/>\n<meta property=\"og:site_name\" content=\"AKVO Spiralift\" \/>\n<meta property=\"article:modified_time\" content=\"2020-04-07T17:07:22+00:00\" \/>\n<script type=\"application\/ld+json\" class=\"yoast-schema-graph\">{\"@context\":\"https:\/\/schema.org\",\"@graph\":[{\"@type\":\"WebPage\",\"@id\":\"https:\/\/www.akvospiralift.com\/de\/akvo-loesungen\/privat\/beweglicher-beckenboden\/\",\"url\":\"https:\/\/www.akvospiralift.com\/de\/akvo-loesungen\/privat\/beweglicher-beckenboden\/\",\"name\":\"Hubboden - AKVO Spiralift\",\"isPartOf\":{\"@id\":\"https:\/\/www.akvospiralift.com\/#website\"},\"datePublished\":\"2019-09-24T11:16:26+00:00\",\"dateModified\":\"2020-04-07T17:07:22+00:00\",\"breadcrumb\":{\"@id\":\"https:\/\/www.akvospiralift.com\/de\/akvo-loesungen\/privat\/beweglicher-beckenboden\/#breadcrumb\"},\"inLanguage\":\"de\",\"potentialAction\":[{\"@type\":\"ReadAction\",\"target\":[\"https:\/\/www.akvospiralift.com\/de\/akvo-loesungen\/privat\/beweglicher-beckenboden\/\"]}]},{\"@type\":\"BreadcrumbList\",\"@id\":\"https:\/\/www.akvospiralift.com\/de\/akvo-loesungen\/privat\/beweglicher-beckenboden\/#breadcrumb\",\"itemListElement\":[{\"@type\":\"ListItem\",\"position\":1,\"name\":\"Home\",\"item\":\"https:\/\/www.akvospiralift.com\/de\/\"},{\"@type\":\"ListItem\",\"position\":2,\"name\":\"Akvo-L\u00f6sungen\",\"item\":\"https:\/\/www.akvospiralift.com\/de\/akvo-loesungen\/\"},{\"@type\":\"ListItem\",\"position\":3,\"name\":\"Privat\",\"item\":\"https:\/\/www.akvospiralift.com\/de\/akvo-loesungen\/privat\/\"},{\"@type\":\"ListItem\",\"position\":4,\"name\":\"Hubboden\"}]},{\"@type\":\"WebSite\",\"@id\":\"https:\/\/www.akvospiralift.com\/#website\",\"url\":\"https:\/\/www.akvospiralift.com\/\",\"name\":\"AKVO Spiralift\",\"description\":\"\",\"potentialAction\":[{\"@type\":\"SearchAction\",\"target\":{\"@type\":\"EntryPoint\",\"urlTemplate\":\"https:\/\/www.akvospiralift.com\/?s={search_term_string}\"},\"query-input\":{\"@type\":\"PropertyValueSpecification\",\"valueRequired\":true,\"valueName\":\"search_term_string\"}}],\"inLanguage\":\"de\"}]}<\/script>\n<!-- \/ Yoast SEO plugin. -->","yoast_head_json":{"title":"Hubboden - AKVO Spiralift","robots":{"index":"index","follow":"follow","max-snippet":"max-snippet:-1","max-image-preview":"max-image-preview:large","max-video-preview":"max-video-preview:-1"},"canonical":"https:\/\/www.akvospiralift.com\/de\/akvo-loesungen\/privat\/beweglicher-beckenboden\/","og_locale":"de_DE","og_type":"article","og_title":"Hubboden - AKVO Spiralift","og_description":"Durch die Installation eines Hubbodens kann der Beckenboden angehoben und abgesenkt werden, um unterschiedliche Tiefen innerhalb eines Beckens zu erreichen. Dies erweitert die Bandbreite der m\u00f6glichen Wasseraktivit\u00e4ten und bietet eine ebene Bodenfl\u00e4che, wenn das Becken nicht benutzt wird. In den letzten Jahren hat sich dies als effiziente M\u00f6glichkeit zur L\u00f6sung von Raum- und Sicherheitsfragen durchgesetzt.","og_url":"https:\/\/www.akvospiralift.com\/de\/akvo-loesungen\/privat\/beweglicher-beckenboden\/","og_site_name":"AKVO Spiralift","article_modified_time":"2020-04-07T17:07:22+00:00","schema":{"@context":"https:\/\/schema.org","@graph":[{"@type":"WebPage","@id":"https:\/\/www.akvospiralift.com\/de\/akvo-loesungen\/privat\/beweglicher-beckenboden\/","url":"https:\/\/www.akvospiralift.com\/de\/akvo-loesungen\/privat\/beweglicher-beckenboden\/","name":"Hubboden - AKVO Spiralift","isPartOf":{"@id":"https:\/\/www.akvospiralift.com\/#website"},"datePublished":"2019-09-24T11:16:26+00:00","dateModified":"2020-04-07T17:07:22+00:00","breadcrumb":{"@id":"https:\/\/www.akvospiralift.com\/de\/akvo-loesungen\/privat\/beweglicher-beckenboden\/#breadcrumb"},"inLanguage":"de","potentialAction":[{"@type":"ReadAction","target":["https:\/\/www.akvospiralift.com\/de\/akvo-loesungen\/privat\/beweglicher-beckenboden\/"]}]},{"@type":"BreadcrumbList","@id":"https:\/\/www.akvospiralift.com\/de\/akvo-loesungen\/privat\/beweglicher-beckenboden\/#breadcrumb","itemListElement":[{"@type":"ListItem","position":1,"name":"Home","item":"https:\/\/www.akvospiralift.com\/de\/"},{"@type":"ListItem","position":2,"name":"Akvo-L\u00f6sungen","item":"https:\/\/www.akvospiralift.com\/de\/akvo-loesungen\/"},{"@type":"ListItem","position":3,"name":"Privat","item":"https:\/\/www.akvospiralift.com\/de\/akvo-loesungen\/privat\/"},{"@type":"ListItem","position":4,"name":"Hubboden"}]},{"@type":"WebSite","@id":"https:\/\/www.akvospiralift.com\/#website","url":"https:\/\/www.akvospiralift.com\/","name":"AKVO Spiralift","description":"","potentialAction":[{"@type":"SearchAction","target":{"@type":"EntryPoint","urlTemplate":"https:\/\/www.akvospiralift.com\/?s={search_term_string}"},"query-input":{"@type":"PropertyValueSpecification","valueRequired":true,"valueName":"search_term_string"}}],"inLanguage":"de"}]}},"_links":{"self":[{"href":"https:\/\/www.akvospiralift.com\/de\/wp-json\/wp\/v2\/pages\/22144","targetHints":{"allow":["GET"]}}],"collection":[{"href":"https:\/\/www.akvospiralift.com\/de\/wp-json\/wp\/v2\/pages"}],"about":[{"href":"https:\/\/www.akvospiralift.com\/de\/wp-json\/wp\/v2\/types\/page"}],"author":[{"embeddable":true,"href":"https:\/\/www.akvospiralift.com\/de\/wp-json\/wp\/v2\/users\/31"}],"replies":[{"embeddable":true,"href":"https:\/\/www.akvospiralift.com\/de\/wp-json\/wp\/v2\/comments?post=22144"}],"version-history":[{"count":0,"href":"https:\/\/www.akvospiralift.com\/de\/wp-json\/wp\/v2\/pages\/22144\/revisions"}],"up":[{"embeddable":true,"href":"https:\/\/www.akvospiralift.com\/de\/wp-json\/wp\/v2\/pages\/21904"}],"wp:attachment":[{"href":"https:\/\/www.akvospiralift.com\/de\/wp-json\/wp\/v2\/media?parent=22144"}],"curies":[{"name":"wp","href":"https:\/\/api.w.org\/{rel}","templated":true}]}}