{"id":22194,"date":"2019-09-24T13:47:39","date_gmt":"2019-09-24T13:47:39","guid":{"rendered":"https:\/\/www.akvospiralift.com\/different-by-design\/"},"modified":"2020-04-07T15:42:51","modified_gmt":"2020-04-07T15:42:51","slug":"unterschied-durch-design","status":"publish","type":"page","link":"https:\/\/www.akvospiralift.com\/de\/unterschied-durch-design\/","title":{"rendered":"Unterschied Durch Design"},"content":{"rendered":"<p><b>AKVO<\/b> hat bewegliche Beckenbodenl\u00f6sungen entwickelt, die ger\u00e4uschlose und zuverl\u00e4ssige Beckenumbauten mit der patentierten <strong>Spiralift\u00ae-Technologie<\/strong> durchf\u00fchren.\u00a0Diese Technologie hat sich in vielen Bereichen, wie den darstellenden K\u00fcnsten, der Luft- und Raumfahrt und der Automobilindustrie, als bevorzugte L\u00f6sung erwiesen, wobei 30 000 Einheiten in 65 L\u00e4ndern installiert wurden.<\/p>\n<p><strong>Wie Die Spiralift-Technologie von AKVO im Vergleich zu seilgebundenen Technologien?<\/strong><\/p>\n<p>Die typische Methode zum Antreiben von Hubb\u00f6den basiert seit Jahren auf hydraulisch bet\u00e4tigten Seilsystemen. Eine Variante basiert auf einer Tragstruktur, die hydraulisch \u00fcber am Beckenrand oder in Nischen angebrachte Seile angehoben wird, eine andere basiert auf einer schwimmenden Plattform, welche von hydraulisch bet\u00e4tigten Seilen unter Wasser gezogen wird, bis die gew\u00fcnschte Position erreicht ist.<\/p>\n","protected":false},"excerpt":{"rendered":"<p>AKVO hat bewegliche Beckenbodenl\u00f6sungen entwickelt, die ger\u00e4uschlose und zuverl\u00e4ssige Beckenumbauten mit der patentierten Spiralift\u00ae-Technologie durchf\u00fchren.\u00a0Diese Technologie hat sich in vielen Bereichen, wie den darstellenden K\u00fcnsten, der Luft- und Raumfahrt und der Automobilindustrie, als bevorzugte L\u00f6sung erwiesen, wobei 30 000 Einheiten in 65 L\u00e4ndern installiert wurden. Wie Die Spiralift-Technologie von AKVO im Vergleich zu seilgebundenen Technologien? [&hellip;]<\/p>\n","protected":false},"author":31,"featured_media":0,"parent":0,"menu_order":0,"comment_status":"closed","ping_status":"closed","template":"template-different-by-design.php","meta":{"_acf_changed":false,"footnotes":""},"class_list":["post-22194","page","type-page","status-publish","hentry"],"acf":[],"yoast_head":"<!-- This site is optimized with the Yoast SEO plugin v27.5 - https:\/\/yoast.com\/product\/yoast-seo-wordpress\/ -->\n<title>Unterschied Durch Design - AKVO Spiralift<\/title>\n<meta name=\"robots\" content=\"index, follow, max-snippet:-1, max-image-preview:large, max-video-preview:-1\" \/>\n<link rel=\"canonical\" href=\"https:\/\/www.akvospiralift.com\/de\/unterschied-durch-design\/\" \/>\n<meta property=\"og:locale\" content=\"de_DE\" \/>\n<meta property=\"og:type\" content=\"article\" \/>\n<meta property=\"og:title\" content=\"Unterschied Durch Design - AKVO Spiralift\" \/>\n<meta property=\"og:description\" content=\"AKVO hat bewegliche Beckenbodenl\u00f6sungen entwickelt, die ger\u00e4uschlose und zuverl\u00e4ssige Beckenumbauten mit der patentierten Spiralift\u00ae-Technologie durchf\u00fchren.\u00a0Diese Technologie hat sich in vielen Bereichen, wie den darstellenden K\u00fcnsten, der Luft- und Raumfahrt und der Automobilindustrie, als bevorzugte L\u00f6sung erwiesen, wobei 30 000 Einheiten in 65 L\u00e4ndern installiert wurden. Wie Die Spiralift-Technologie von AKVO im Vergleich zu seilgebundenen Technologien? [&hellip;]\" \/>\n<meta property=\"og:url\" content=\"https:\/\/www.akvospiralift.com\/de\/unterschied-durch-design\/\" \/>\n<meta property=\"og:site_name\" content=\"AKVO Spiralift\" \/>\n<meta property=\"article:modified_time\" content=\"2020-04-07T15:42:51+00:00\" \/>\n<meta name=\"twitter:label1\" content=\"Gesch\u00e4tzte Lesezeit\" \/>\n\t<meta name=\"twitter:data1\" content=\"1\u00a0Minute\" \/>\n<script type=\"application\/ld+json\" class=\"yoast-schema-graph\">{\"@context\":\"https:\\\/\\\/schema.org\",\"@graph\":[{\"@type\":\"WebPage\",\"@id\":\"https:\\\/\\\/www.akvospiralift.com\\\/de\\\/unterschied-durch-design\\\/\",\"url\":\"https:\\\/\\\/www.akvospiralift.com\\\/de\\\/unterschied-durch-design\\\/\",\"name\":\"Unterschied Durch Design - AKVO Spiralift\",\"isPartOf\":{\"@id\":\"https:\\\/\\\/www.akvospiralift.com\\\/#website\"},\"datePublished\":\"2019-09-24T13:47:39+00:00\",\"dateModified\":\"2020-04-07T15:42:51+00:00\",\"breadcrumb\":{\"@id\":\"https:\\\/\\\/www.akvospiralift.com\\\/de\\\/unterschied-durch-design\\\/#breadcrumb\"},\"inLanguage\":\"de\",\"potentialAction\":[{\"@type\":\"ReadAction\",\"target\":[\"https:\\\/\\\/www.akvospiralift.com\\\/de\\\/unterschied-durch-design\\\/\"]}]},{\"@type\":\"BreadcrumbList\",\"@id\":\"https:\\\/\\\/www.akvospiralift.com\\\/de\\\/unterschied-durch-design\\\/#breadcrumb\",\"itemListElement\":[{\"@type\":\"ListItem\",\"position\":1,\"name\":\"Home\",\"item\":\"https:\\\/\\\/www.akvospiralift.com\\\/de\\\/\"},{\"@type\":\"ListItem\",\"position\":2,\"name\":\"Unterschied Durch Design\"}]},{\"@type\":\"WebSite\",\"@id\":\"https:\\\/\\\/www.akvospiralift.com\\\/#website\",\"url\":\"https:\\\/\\\/www.akvospiralift.com\\\/\",\"name\":\"AKVO Spiralift\",\"description\":\"\",\"potentialAction\":[{\"@type\":\"SearchAction\",\"target\":{\"@type\":\"EntryPoint\",\"urlTemplate\":\"https:\\\/\\\/www.akvospiralift.com\\\/?s={search_term_string}\"},\"query-input\":{\"@type\":\"PropertyValueSpecification\",\"valueRequired\":true,\"valueName\":\"search_term_string\"}}],\"inLanguage\":\"de\"}]}<\/script>\n<!-- \/ Yoast SEO plugin. -->","yoast_head_json":{"title":"Unterschied Durch Design - AKVO Spiralift","robots":{"index":"index","follow":"follow","max-snippet":"max-snippet:-1","max-image-preview":"max-image-preview:large","max-video-preview":"max-video-preview:-1"},"canonical":"https:\/\/www.akvospiralift.com\/de\/unterschied-durch-design\/","og_locale":"de_DE","og_type":"article","og_title":"Unterschied Durch Design - AKVO Spiralift","og_description":"AKVO hat bewegliche Beckenbodenl\u00f6sungen entwickelt, die ger\u00e4uschlose und zuverl\u00e4ssige Beckenumbauten mit der patentierten Spiralift\u00ae-Technologie durchf\u00fchren.\u00a0Diese Technologie hat sich in vielen Bereichen, wie den darstellenden K\u00fcnsten, der Luft- und Raumfahrt und der Automobilindustrie, als bevorzugte L\u00f6sung erwiesen, wobei 30 000 Einheiten in 65 L\u00e4ndern installiert wurden. Wie Die Spiralift-Technologie von AKVO im Vergleich zu seilgebundenen Technologien? [&hellip;]","og_url":"https:\/\/www.akvospiralift.com\/de\/unterschied-durch-design\/","og_site_name":"AKVO Spiralift","article_modified_time":"2020-04-07T15:42:51+00:00","twitter_misc":{"Gesch\u00e4tzte Lesezeit":"1\u00a0Minute"},"schema":{"@context":"https:\/\/schema.org","@graph":[{"@type":"WebPage","@id":"https:\/\/www.akvospiralift.com\/de\/unterschied-durch-design\/","url":"https:\/\/www.akvospiralift.com\/de\/unterschied-durch-design\/","name":"Unterschied Durch Design - AKVO Spiralift","isPartOf":{"@id":"https:\/\/www.akvospiralift.com\/#website"},"datePublished":"2019-09-24T13:47:39+00:00","dateModified":"2020-04-07T15:42:51+00:00","breadcrumb":{"@id":"https:\/\/www.akvospiralift.com\/de\/unterschied-durch-design\/#breadcrumb"},"inLanguage":"de","potentialAction":[{"@type":"ReadAction","target":["https:\/\/www.akvospiralift.com\/de\/unterschied-durch-design\/"]}]},{"@type":"BreadcrumbList","@id":"https:\/\/www.akvospiralift.com\/de\/unterschied-durch-design\/#breadcrumb","itemListElement":[{"@type":"ListItem","position":1,"name":"Home","item":"https:\/\/www.akvospiralift.com\/de\/"},{"@type":"ListItem","position":2,"name":"Unterschied Durch Design"}]},{"@type":"WebSite","@id":"https:\/\/www.akvospiralift.com\/#website","url":"https:\/\/www.akvospiralift.com\/","name":"AKVO Spiralift","description":"","potentialAction":[{"@type":"SearchAction","target":{"@type":"EntryPoint","urlTemplate":"https:\/\/www.akvospiralift.com\/?s={search_term_string}"},"query-input":{"@type":"PropertyValueSpecification","valueRequired":true,"valueName":"search_term_string"}}],"inLanguage":"de"}]}},"_links":{"self":[{"href":"https:\/\/www.akvospiralift.com\/de\/wp-json\/wp\/v2\/pages\/22194","targetHints":{"allow":["GET"]}}],"collection":[{"href":"https:\/\/www.akvospiralift.com\/de\/wp-json\/wp\/v2\/pages"}],"about":[{"href":"https:\/\/www.akvospiralift.com\/de\/wp-json\/wp\/v2\/types\/page"}],"author":[{"embeddable":true,"href":"https:\/\/www.akvospiralift.com\/de\/wp-json\/wp\/v2\/users\/31"}],"replies":[{"embeddable":true,"href":"https:\/\/www.akvospiralift.com\/de\/wp-json\/wp\/v2\/comments?post=22194"}],"version-history":[{"count":0,"href":"https:\/\/www.akvospiralift.com\/de\/wp-json\/wp\/v2\/pages\/22194\/revisions"}],"wp:attachment":[{"href":"https:\/\/www.akvospiralift.com\/de\/wp-json\/wp\/v2\/media?parent=22194"}],"curies":[{"name":"wp","href":"https:\/\/api.w.org\/{rel}","templated":true}]}}