{"id":16091,"date":"2019-09-25T03:37:38","date_gmt":"2019-09-25T03:37:38","guid":{"rendered":"https:\/\/www.akvospiralift.com\/akvo-solutions\/residential\/"},"modified":"2022-05-13T16:01:09","modified_gmt":"2022-05-13T20:01:09","slug":"installation-residentielle","status":"publish","type":"page","link":"https:\/\/www.akvospiralift.com\/fr\/akvo-solutions\/installation-residentielle\/","title":{"rendered":"Installation r\u00e9sidentielle"},"content":{"rendered":"<h1>EN HARMONIE<br \/>\nAVEC VOTRE STYLE DE VIE<\/h1>\n<p>Avec AKVO Spiralift<sup>\u00ae<\/sup>, reconfigurez votre espace de vie ou votre arri\u00e8re-cour par simple pression d\u2019un bouton! C&rsquo;est une piscine, dont la profondeur peut \u00eatre ajust\u00e9e pour permettre diff\u00e9rentes activit\u00e9s aquatiques et pour la s\u00e9curit\u00e9 des petits baigneurs.<\/p>\n<p>C&rsquo;est aussi une terrasse, pr\u00eate \u00e0 \u00eatre am\u00e9nag\u00e9e pour d\u00eener et s\u2019amuser quand le moment est venu. De plus, le fond mobile pour piscine AKVO Spiralift<sup>\u00ae<\/sup> agit comme une couverture de piscine, limitant l&rsquo;\u00e9vaporation pendant le jour et les pertes de chaleur la nuit, r\u00e9duisant ainsi le temps de nettoyage et les co\u00fbts d&rsquo;op\u00e9ration.<\/p>\n<div class=\"btn-wrapper text-center visible-xs\"><a class=\"btn btn-solid\" href=\"https:\/\/www.akvospiralift.com\/fr\/nous-joindre\/\">NOUS JOINDRE<\/a> <a class=\"btn btn-outline black-text\" href=\"https:\/\/www.akvospiralift.com\/fr\/akvo-solutions\/installation-residentielle\/fonds-mobiles-pour-piscines\/\">EN SAVOIR PLUS SUR LES FONDS MOBILES<\/a><\/div>\n","protected":false},"excerpt":{"rendered":"<p>EN HARMONIE AVEC VOTRE STYLE DE VIE Avec AKVO Spiralift\u00ae, reconfigurez votre espace de vie ou votre arri\u00e8re-cour par simple pression d\u2019un bouton! C&rsquo;est une piscine, dont la profondeur peut \u00eatre ajust\u00e9e pour permettre diff\u00e9rentes activit\u00e9s aquatiques et pour la s\u00e9curit\u00e9 des petits baigneurs. C&rsquo;est aussi une terrasse, pr\u00eate \u00e0 \u00eatre am\u00e9nag\u00e9e pour d\u00eener et [&hellip;]<\/p>\n","protected":false},"author":31,"featured_media":0,"parent":16078,"menu_order":0,"comment_status":"closed","ping_status":"closed","template":"templates\/template-pool-type.php","meta":{"_acf_changed":false,"footnotes":""},"class_list":["post-16091","page","type-page","status-publish","hentry"],"acf":[],"yoast_head":"<!-- This site is optimized with the Yoast SEO plugin v27.2 - https:\/\/yoast.com\/product\/yoast-seo-wordpress\/ -->\n<title>Fond mobile pour piscine r\u00e9sidentielle - AKVO Spiralift<\/title>\n<meta name=\"robots\" content=\"index, follow, max-snippet:-1, max-image-preview:large, max-video-preview:-1\" \/>\n<link rel=\"canonical\" href=\"https:\/\/www.akvospiralift.com\/fr\/akvo-solutions\/installation-residentielle\/\" \/>\n<meta property=\"og:locale\" content=\"fr_FR\" \/>\n<meta property=\"og:type\" content=\"article\" \/>\n<meta property=\"og:title\" content=\"Fond mobile pour piscine r\u00e9sidentielle - AKVO Spiralift\" \/>\n<meta property=\"og:description\" content=\"EN HARMONIE AVEC VOTRE STYLE DE VIE Avec AKVO Spiralift\u00ae, reconfigurez votre espace de vie ou votre arri\u00e8re-cour par simple pression d\u2019un bouton! C&rsquo;est une piscine, dont la profondeur peut \u00eatre ajust\u00e9e pour permettre diff\u00e9rentes activit\u00e9s aquatiques et pour la s\u00e9curit\u00e9 des petits baigneurs. C&rsquo;est aussi une terrasse, pr\u00eate \u00e0 \u00eatre am\u00e9nag\u00e9e pour d\u00eener et [&hellip;]\" \/>\n<meta property=\"og:url\" content=\"https:\/\/www.akvospiralift.com\/fr\/akvo-solutions\/installation-residentielle\/\" \/>\n<meta property=\"og:site_name\" content=\"AKVO Spiralift\" \/>\n<meta property=\"article:modified_time\" content=\"2022-05-13T20:01:09+00:00\" \/>\n<meta name=\"twitter:label1\" content=\"Dur\u00e9e de lecture estim\u00e9e\" \/>\n\t<meta name=\"twitter:data1\" content=\"1 minute\" \/>\n<script type=\"application\/ld+json\" class=\"yoast-schema-graph\">{\"@context\":\"https:\/\/schema.org\",\"@graph\":[{\"@type\":\"WebPage\",\"@id\":\"https:\/\/www.akvospiralift.com\/fr\/akvo-solutions\/installation-residentielle\/\",\"url\":\"https:\/\/www.akvospiralift.com\/fr\/akvo-solutions\/installation-residentielle\/\",\"name\":\"Fond mobile pour piscine r\u00e9sidentielle - AKVO Spiralift\",\"isPartOf\":{\"@id\":\"https:\/\/www.akvospiralift.com\/#website\"},\"datePublished\":\"2019-09-25T03:37:38+00:00\",\"dateModified\":\"2022-05-13T20:01:09+00:00\",\"breadcrumb\":{\"@id\":\"https:\/\/www.akvospiralift.com\/fr\/akvo-solutions\/installation-residentielle\/#breadcrumb\"},\"inLanguage\":\"fr-FR\",\"potentialAction\":[{\"@type\":\"ReadAction\",\"target\":[\"https:\/\/www.akvospiralift.com\/fr\/akvo-solutions\/installation-residentielle\/\"]}]},{\"@type\":\"BreadcrumbList\",\"@id\":\"https:\/\/www.akvospiralift.com\/fr\/akvo-solutions\/installation-residentielle\/#breadcrumb\",\"itemListElement\":[{\"@type\":\"ListItem\",\"position\":1,\"name\":\"Home\",\"item\":\"https:\/\/www.akvospiralift.com\/fr\/\"},{\"@type\":\"ListItem\",\"position\":2,\"name\":\"Akvo Solutions\",\"item\":\"https:\/\/www.akvospiralift.com\/fr\/akvo-solutions\/\"},{\"@type\":\"ListItem\",\"position\":3,\"name\":\"Installation r\u00e9sidentielle\"}]},{\"@type\":\"WebSite\",\"@id\":\"https:\/\/www.akvospiralift.com\/#website\",\"url\":\"https:\/\/www.akvospiralift.com\/\",\"name\":\"AKVO Spiralift\",\"description\":\"\",\"potentialAction\":[{\"@type\":\"SearchAction\",\"target\":{\"@type\":\"EntryPoint\",\"urlTemplate\":\"https:\/\/www.akvospiralift.com\/?s={search_term_string}\"},\"query-input\":{\"@type\":\"PropertyValueSpecification\",\"valueRequired\":true,\"valueName\":\"search_term_string\"}}],\"inLanguage\":\"fr-FR\"}]}<\/script>\n<!-- \/ Yoast SEO plugin. -->","yoast_head_json":{"title":"Fond mobile pour piscine r\u00e9sidentielle - AKVO Spiralift","robots":{"index":"index","follow":"follow","max-snippet":"max-snippet:-1","max-image-preview":"max-image-preview:large","max-video-preview":"max-video-preview:-1"},"canonical":"https:\/\/www.akvospiralift.com\/fr\/akvo-solutions\/installation-residentielle\/","og_locale":"fr_FR","og_type":"article","og_title":"Fond mobile pour piscine r\u00e9sidentielle - AKVO Spiralift","og_description":"EN HARMONIE AVEC VOTRE STYLE DE VIE Avec AKVO Spiralift\u00ae, reconfigurez votre espace de vie ou votre arri\u00e8re-cour par simple pression d\u2019un bouton! C&rsquo;est une piscine, dont la profondeur peut \u00eatre ajust\u00e9e pour permettre diff\u00e9rentes activit\u00e9s aquatiques et pour la s\u00e9curit\u00e9 des petits baigneurs. C&rsquo;est aussi une terrasse, pr\u00eate \u00e0 \u00eatre am\u00e9nag\u00e9e pour d\u00eener et [&hellip;]","og_url":"https:\/\/www.akvospiralift.com\/fr\/akvo-solutions\/installation-residentielle\/","og_site_name":"AKVO Spiralift","article_modified_time":"2022-05-13T20:01:09+00:00","twitter_misc":{"Dur\u00e9e de lecture estim\u00e9e":"1 minute"},"schema":{"@context":"https:\/\/schema.org","@graph":[{"@type":"WebPage","@id":"https:\/\/www.akvospiralift.com\/fr\/akvo-solutions\/installation-residentielle\/","url":"https:\/\/www.akvospiralift.com\/fr\/akvo-solutions\/installation-residentielle\/","name":"Fond mobile pour piscine r\u00e9sidentielle - AKVO Spiralift","isPartOf":{"@id":"https:\/\/www.akvospiralift.com\/#website"},"datePublished":"2019-09-25T03:37:38+00:00","dateModified":"2022-05-13T20:01:09+00:00","breadcrumb":{"@id":"https:\/\/www.akvospiralift.com\/fr\/akvo-solutions\/installation-residentielle\/#breadcrumb"},"inLanguage":"fr-FR","potentialAction":[{"@type":"ReadAction","target":["https:\/\/www.akvospiralift.com\/fr\/akvo-solutions\/installation-residentielle\/"]}]},{"@type":"BreadcrumbList","@id":"https:\/\/www.akvospiralift.com\/fr\/akvo-solutions\/installation-residentielle\/#breadcrumb","itemListElement":[{"@type":"ListItem","position":1,"name":"Home","item":"https:\/\/www.akvospiralift.com\/fr\/"},{"@type":"ListItem","position":2,"name":"Akvo Solutions","item":"https:\/\/www.akvospiralift.com\/fr\/akvo-solutions\/"},{"@type":"ListItem","position":3,"name":"Installation r\u00e9sidentielle"}]},{"@type":"WebSite","@id":"https:\/\/www.akvospiralift.com\/#website","url":"https:\/\/www.akvospiralift.com\/","name":"AKVO Spiralift","description":"","potentialAction":[{"@type":"SearchAction","target":{"@type":"EntryPoint","urlTemplate":"https:\/\/www.akvospiralift.com\/?s={search_term_string}"},"query-input":{"@type":"PropertyValueSpecification","valueRequired":true,"valueName":"search_term_string"}}],"inLanguage":"fr-FR"}]}},"_links":{"self":[{"href":"https:\/\/www.akvospiralift.com\/fr\/wp-json\/wp\/v2\/pages\/16091","targetHints":{"allow":["GET"]}}],"collection":[{"href":"https:\/\/www.akvospiralift.com\/fr\/wp-json\/wp\/v2\/pages"}],"about":[{"href":"https:\/\/www.akvospiralift.com\/fr\/wp-json\/wp\/v2\/types\/page"}],"author":[{"embeddable":true,"href":"https:\/\/www.akvospiralift.com\/fr\/wp-json\/wp\/v2\/users\/31"}],"replies":[{"embeddable":true,"href":"https:\/\/www.akvospiralift.com\/fr\/wp-json\/wp\/v2\/comments?post=16091"}],"version-history":[{"count":0,"href":"https:\/\/www.akvospiralift.com\/fr\/wp-json\/wp\/v2\/pages\/16091\/revisions"}],"up":[{"embeddable":true,"href":"https:\/\/www.akvospiralift.com\/fr\/wp-json\/wp\/v2\/pages\/16078"}],"wp:attachment":[{"href":"https:\/\/www.akvospiralift.com\/fr\/wp-json\/wp\/v2\/media?parent=16091"}],"curies":[{"name":"wp","href":"https:\/\/api.w.org\/{rel}","templated":true}]}}