{"id":16096,"date":"2019-09-25T08:50:08","date_gmt":"2019-09-25T08:50:08","guid":{"rendered":"https:\/\/www.akvospiralift.com\/akvo-solutions\/commercial\/"},"modified":"2023-05-17T09:29:11","modified_gmt":"2023-05-17T13:29:11","slug":"installation-commerciale","status":"publish","type":"page","link":"https:\/\/www.akvospiralift.com\/fr\/akvo-solutions\/installation-commerciale\/","title":{"rendered":"Installation commerciale"},"content":{"rendered":"<h1>UNE FLEXIBILIT\u00c9 TOTALE POUR S&rsquo;ADAPTER \u00c0 L&rsquo;\u00c9VOLUTION DES BESOINS<\/h1>\n<p>Offrez \u00e0 vos clients et invit\u00e9s une piscine qu&rsquo;ils adoreront, dot\u00e9e de la technologie de pointe d&rsquo;AKVO pour r\u00e9pondre \u00e0 tous leurs besoins et activit\u00e9s. Sans perturber les op\u00e9rations quotidiennes, ce syst\u00e8me invisible fonctionne hors de la vue, \u00e9levant et abaissant d&rsquo;un seul bloc le fond entier de la piscine de votre h\u00f4tel ou de votre complexe r\u00e9sidentiel en quelques minutes par simple pression d\u2019un bouton. Imaginez une piscine peu profonde pour les jeunes baigneurs \u00e0 14 h, une piscine pleine profondeur \u00e0 16 h, un banquet \u00e0 18 h et une piste de danse \u00e0 22 h&#8230; Munissez vous d\u2019un espace offrant une gamme compl\u00e8te de choix de divertissement !<\/p>\n<div class=\"btn-wrapper text-center visible-xs\"><a class=\"btn btn-solid\" href=\"https:\/\/www.akvospiralift.com\/fr\/nous-joindre\/\">NOUS JOINDRE<\/a> <a class=\"btn btn-outline black-text\" href=\"https:\/\/www.akvospiralift.com\/fr\/akvo-solutions\/installation-commerciale\/\">EN SAVOIR PLUS SUR LES FONDS MOBILES<\/a><\/div>\n","protected":false},"excerpt":{"rendered":"<p>UNE FLEXIBILIT\u00c9 TOTALE POUR S&rsquo;ADAPTER \u00c0 L&rsquo;\u00c9VOLUTION DES BESOINS Offrez \u00e0 vos clients et invit\u00e9s une piscine qu&rsquo;ils adoreront, dot\u00e9e de la technologie de pointe d&rsquo;AKVO pour r\u00e9pondre \u00e0 tous leurs besoins et activit\u00e9s. Sans perturber les op\u00e9rations quotidiennes, ce syst\u00e8me invisible fonctionne hors de la vue, \u00e9levant et abaissant d&rsquo;un seul bloc le fond [&hellip;]<\/p>\n","protected":false},"author":31,"featured_media":0,"parent":16078,"menu_order":0,"comment_status":"closed","ping_status":"closed","template":"templates\/template-pool-type.php","meta":{"_acf_changed":false,"footnotes":""},"class_list":["post-16096","page","type-page","status-publish","hentry"],"acf":[],"yoast_head":"<!-- This site is optimized with the Yoast SEO plugin v27.5 - https:\/\/yoast.com\/product\/yoast-seo-wordpress\/ -->\n<title>Fond mobile pour piscine commerciale - AKVO Spiralift<\/title>\n<meta name=\"robots\" content=\"index, follow, max-snippet:-1, max-image-preview:large, max-video-preview:-1\" \/>\n<link rel=\"canonical\" href=\"https:\/\/www.akvospiralift.com\/fr\/akvo-solutions\/installation-commerciale\/\" \/>\n<meta property=\"og:locale\" content=\"fr_FR\" \/>\n<meta property=\"og:type\" content=\"article\" \/>\n<meta property=\"og:title\" content=\"Fond mobile pour piscine commerciale - AKVO Spiralift\" \/>\n<meta property=\"og:description\" content=\"UNE FLEXIBILIT\u00c9 TOTALE POUR S&rsquo;ADAPTER \u00c0 L&rsquo;\u00c9VOLUTION DES BESOINS Offrez \u00e0 vos clients et invit\u00e9s une piscine qu&rsquo;ils adoreront, dot\u00e9e de la technologie de pointe d&rsquo;AKVO pour r\u00e9pondre \u00e0 tous leurs besoins et activit\u00e9s. Sans perturber les op\u00e9rations quotidiennes, ce syst\u00e8me invisible fonctionne hors de la vue, \u00e9levant et abaissant d&rsquo;un seul bloc le fond [&hellip;]\" \/>\n<meta property=\"og:url\" content=\"https:\/\/www.akvospiralift.com\/fr\/akvo-solutions\/installation-commerciale\/\" \/>\n<meta property=\"og:site_name\" content=\"AKVO Spiralift\" \/>\n<meta property=\"article:modified_time\" content=\"2023-05-17T13:29:11+00:00\" \/>\n<meta name=\"twitter:label1\" content=\"Dur\u00e9e de lecture estim\u00e9e\" \/>\n\t<meta name=\"twitter:data1\" content=\"1 minute\" \/>\n<script type=\"application\/ld+json\" class=\"yoast-schema-graph\">{\"@context\":\"https:\\\/\\\/schema.org\",\"@graph\":[{\"@type\":\"WebPage\",\"@id\":\"https:\\\/\\\/www.akvospiralift.com\\\/fr\\\/akvo-solutions\\\/installation-commerciale\\\/\",\"url\":\"https:\\\/\\\/www.akvospiralift.com\\\/fr\\\/akvo-solutions\\\/installation-commerciale\\\/\",\"name\":\"Fond mobile pour piscine commerciale - AKVO Spiralift\",\"isPartOf\":{\"@id\":\"https:\\\/\\\/www.akvospiralift.com\\\/#website\"},\"datePublished\":\"2019-09-25T08:50:08+00:00\",\"dateModified\":\"2023-05-17T13:29:11+00:00\",\"breadcrumb\":{\"@id\":\"https:\\\/\\\/www.akvospiralift.com\\\/fr\\\/akvo-solutions\\\/installation-commerciale\\\/#breadcrumb\"},\"inLanguage\":\"fr-FR\",\"potentialAction\":[{\"@type\":\"ReadAction\",\"target\":[\"https:\\\/\\\/www.akvospiralift.com\\\/fr\\\/akvo-solutions\\\/installation-commerciale\\\/\"]}]},{\"@type\":\"BreadcrumbList\",\"@id\":\"https:\\\/\\\/www.akvospiralift.com\\\/fr\\\/akvo-solutions\\\/installation-commerciale\\\/#breadcrumb\",\"itemListElement\":[{\"@type\":\"ListItem\",\"position\":1,\"name\":\"Home\",\"item\":\"https:\\\/\\\/www.akvospiralift.com\\\/fr\\\/\"},{\"@type\":\"ListItem\",\"position\":2,\"name\":\"Akvo Solutions\",\"item\":\"https:\\\/\\\/www.akvospiralift.com\\\/fr\\\/akvo-solutions\\\/\"},{\"@type\":\"ListItem\",\"position\":3,\"name\":\"Installation commerciale\"}]},{\"@type\":\"WebSite\",\"@id\":\"https:\\\/\\\/www.akvospiralift.com\\\/#website\",\"url\":\"https:\\\/\\\/www.akvospiralift.com\\\/\",\"name\":\"AKVO Spiralift\",\"description\":\"\",\"potentialAction\":[{\"@type\":\"SearchAction\",\"target\":{\"@type\":\"EntryPoint\",\"urlTemplate\":\"https:\\\/\\\/www.akvospiralift.com\\\/?s={search_term_string}\"},\"query-input\":{\"@type\":\"PropertyValueSpecification\",\"valueRequired\":true,\"valueName\":\"search_term_string\"}}],\"inLanguage\":\"fr-FR\"}]}<\/script>\n<!-- \/ Yoast SEO plugin. -->","yoast_head_json":{"title":"Fond mobile pour piscine commerciale - AKVO Spiralift","robots":{"index":"index","follow":"follow","max-snippet":"max-snippet:-1","max-image-preview":"max-image-preview:large","max-video-preview":"max-video-preview:-1"},"canonical":"https:\/\/www.akvospiralift.com\/fr\/akvo-solutions\/installation-commerciale\/","og_locale":"fr_FR","og_type":"article","og_title":"Fond mobile pour piscine commerciale - AKVO Spiralift","og_description":"UNE FLEXIBILIT\u00c9 TOTALE POUR S&rsquo;ADAPTER \u00c0 L&rsquo;\u00c9VOLUTION DES BESOINS Offrez \u00e0 vos clients et invit\u00e9s une piscine qu&rsquo;ils adoreront, dot\u00e9e de la technologie de pointe d&rsquo;AKVO pour r\u00e9pondre \u00e0 tous leurs besoins et activit\u00e9s. Sans perturber les op\u00e9rations quotidiennes, ce syst\u00e8me invisible fonctionne hors de la vue, \u00e9levant et abaissant d&rsquo;un seul bloc le fond [&hellip;]","og_url":"https:\/\/www.akvospiralift.com\/fr\/akvo-solutions\/installation-commerciale\/","og_site_name":"AKVO Spiralift","article_modified_time":"2023-05-17T13:29:11+00:00","twitter_misc":{"Dur\u00e9e de lecture estim\u00e9e":"1 minute"},"schema":{"@context":"https:\/\/schema.org","@graph":[{"@type":"WebPage","@id":"https:\/\/www.akvospiralift.com\/fr\/akvo-solutions\/installation-commerciale\/","url":"https:\/\/www.akvospiralift.com\/fr\/akvo-solutions\/installation-commerciale\/","name":"Fond mobile pour piscine commerciale - AKVO Spiralift","isPartOf":{"@id":"https:\/\/www.akvospiralift.com\/#website"},"datePublished":"2019-09-25T08:50:08+00:00","dateModified":"2023-05-17T13:29:11+00:00","breadcrumb":{"@id":"https:\/\/www.akvospiralift.com\/fr\/akvo-solutions\/installation-commerciale\/#breadcrumb"},"inLanguage":"fr-FR","potentialAction":[{"@type":"ReadAction","target":["https:\/\/www.akvospiralift.com\/fr\/akvo-solutions\/installation-commerciale\/"]}]},{"@type":"BreadcrumbList","@id":"https:\/\/www.akvospiralift.com\/fr\/akvo-solutions\/installation-commerciale\/#breadcrumb","itemListElement":[{"@type":"ListItem","position":1,"name":"Home","item":"https:\/\/www.akvospiralift.com\/fr\/"},{"@type":"ListItem","position":2,"name":"Akvo Solutions","item":"https:\/\/www.akvospiralift.com\/fr\/akvo-solutions\/"},{"@type":"ListItem","position":3,"name":"Installation commerciale"}]},{"@type":"WebSite","@id":"https:\/\/www.akvospiralift.com\/#website","url":"https:\/\/www.akvospiralift.com\/","name":"AKVO Spiralift","description":"","potentialAction":[{"@type":"SearchAction","target":{"@type":"EntryPoint","urlTemplate":"https:\/\/www.akvospiralift.com\/?s={search_term_string}"},"query-input":{"@type":"PropertyValueSpecification","valueRequired":true,"valueName":"search_term_string"}}],"inLanguage":"fr-FR"}]}},"_links":{"self":[{"href":"https:\/\/www.akvospiralift.com\/fr\/wp-json\/wp\/v2\/pages\/16096","targetHints":{"allow":["GET"]}}],"collection":[{"href":"https:\/\/www.akvospiralift.com\/fr\/wp-json\/wp\/v2\/pages"}],"about":[{"href":"https:\/\/www.akvospiralift.com\/fr\/wp-json\/wp\/v2\/types\/page"}],"author":[{"embeddable":true,"href":"https:\/\/www.akvospiralift.com\/fr\/wp-json\/wp\/v2\/users\/31"}],"replies":[{"embeddable":true,"href":"https:\/\/www.akvospiralift.com\/fr\/wp-json\/wp\/v2\/comments?post=16096"}],"version-history":[{"count":0,"href":"https:\/\/www.akvospiralift.com\/fr\/wp-json\/wp\/v2\/pages\/16096\/revisions"}],"up":[{"embeddable":true,"href":"https:\/\/www.akvospiralift.com\/fr\/wp-json\/wp\/v2\/pages\/16078"}],"wp:attachment":[{"href":"https:\/\/www.akvospiralift.com\/fr\/wp-json\/wp\/v2\/media?parent=16096"}],"curies":[{"name":"wp","href":"https:\/\/api.w.org\/{rel}","templated":true}]}}