{"id":16103,"date":"2019-09-27T14:51:30","date_gmt":"2019-09-27T14:51:30","guid":{"rendered":"https:\/\/www.akvospiralift.com\/akvo-solutions\/public\/"},"modified":"2023-05-17T09:35:35","modified_gmt":"2023-05-17T13:35:35","slug":"installation-publique","status":"publish","type":"page","link":"https:\/\/www.akvospiralift.com\/fr\/akvo-solutions\/installation-publique\/","title":{"rendered":"Installation publique"},"content":{"rendered":"<h1>UNE FOULE D&rsquo;ACTIVIT\u00c9S AQUATIQUES<\/h1>\n<p>Avec AKVO Spiralift<sup>\u00ae<\/sup>, votre piscine peut \u00eatre peu profonde ou plus profonde en quelques minutes, autant de fois par jour que votre installation le requiert. Imaginez une piscine qui peut accueillir des cours de natation, des matchs de water-polo et des cours d&rsquo;aquaforme ; une piscine qui peut s&rsquo;adapter rapidement aux exigences des comp\u00e9titions (p. ex., FINA) ou devenir une pataugeoire pour les jeunes enfants. C&rsquo;est exactement ce que propose AKVO Spiralift<sup>\u00ae<\/sup> : un fond mobile pour piscine qui peut \u00eatre \u00e9lev\u00e9 et abaiss\u00e9 sur demande, transformant votre piscine publique en une installation aquatique polyvalente.<\/p>\n<div class=\"btn-wrapper text-center visible-xs\"><a class=\"btn btn-solid\" href=\"https:\/\/www.akvospiralift.com\/fr\/nous-joindre\/\">NOUS JOINDRE<\/a> <a class=\"btn btn-outline black-text\" href=\"https:\/\/www.akvospiralift.com\/fr\/akvo-solutions\/installation-publique\/fonds-mobiles-pour-piscines\/\">EN SAVOIR PLUS SUR LES FONDS MOBILES<\/a><\/div>\n","protected":false},"excerpt":{"rendered":"<p>UNE FOULE D&rsquo;ACTIVIT\u00c9S AQUATIQUES Avec AKVO Spiralift\u00ae, votre piscine peut \u00eatre peu profonde ou plus profonde en quelques minutes, autant de fois par jour que votre installation le requiert. Imaginez une piscine qui peut accueillir des cours de natation, des matchs de water-polo et des cours d&rsquo;aquaforme ; une piscine qui peut s&rsquo;adapter rapidement aux [&hellip;]<\/p>\n","protected":false},"author":31,"featured_media":0,"parent":16078,"menu_order":0,"comment_status":"closed","ping_status":"closed","template":"templates\/template-pool-type.php","meta":{"_acf_changed":false,"footnotes":""},"class_list":["post-16103","page","type-page","status-publish","hentry"],"acf":[],"yoast_head":"<!-- This site is optimized with the Yoast SEO plugin v27.5 - https:\/\/yoast.com\/product\/yoast-seo-wordpress\/ -->\n<title>Fond mobile pour piscine publique - AKVO Spiralift<\/title>\n<meta name=\"robots\" content=\"index, follow, max-snippet:-1, max-image-preview:large, max-video-preview:-1\" \/>\n<link rel=\"canonical\" href=\"https:\/\/www.akvospiralift.com\/fr\/akvo-solutions\/installation-publique\/\" \/>\n<meta property=\"og:locale\" content=\"fr_FR\" \/>\n<meta property=\"og:type\" content=\"article\" \/>\n<meta property=\"og:title\" content=\"Fond mobile pour piscine publique - AKVO Spiralift\" \/>\n<meta property=\"og:description\" content=\"UNE FOULE D&rsquo;ACTIVIT\u00c9S AQUATIQUES Avec AKVO Spiralift\u00ae, votre piscine peut \u00eatre peu profonde ou plus profonde en quelques minutes, autant de fois par jour que votre installation le requiert. Imaginez une piscine qui peut accueillir des cours de natation, des matchs de water-polo et des cours d&rsquo;aquaforme ; une piscine qui peut s&rsquo;adapter rapidement aux [&hellip;]\" \/>\n<meta property=\"og:url\" content=\"https:\/\/www.akvospiralift.com\/fr\/akvo-solutions\/installation-publique\/\" \/>\n<meta property=\"og:site_name\" content=\"AKVO Spiralift\" \/>\n<meta property=\"article:modified_time\" content=\"2023-05-17T13:35:35+00:00\" \/>\n<meta name=\"twitter:label1\" content=\"Dur\u00e9e de lecture estim\u00e9e\" \/>\n\t<meta name=\"twitter:data1\" content=\"1 minute\" \/>\n<script type=\"application\/ld+json\" class=\"yoast-schema-graph\">{\"@context\":\"https:\\\/\\\/schema.org\",\"@graph\":[{\"@type\":\"WebPage\",\"@id\":\"https:\\\/\\\/www.akvospiralift.com\\\/fr\\\/akvo-solutions\\\/installation-publique\\\/\",\"url\":\"https:\\\/\\\/www.akvospiralift.com\\\/fr\\\/akvo-solutions\\\/installation-publique\\\/\",\"name\":\"Fond mobile pour piscine publique - AKVO Spiralift\",\"isPartOf\":{\"@id\":\"https:\\\/\\\/www.akvospiralift.com\\\/#website\"},\"datePublished\":\"2019-09-27T14:51:30+00:00\",\"dateModified\":\"2023-05-17T13:35:35+00:00\",\"breadcrumb\":{\"@id\":\"https:\\\/\\\/www.akvospiralift.com\\\/fr\\\/akvo-solutions\\\/installation-publique\\\/#breadcrumb\"},\"inLanguage\":\"fr-FR\",\"potentialAction\":[{\"@type\":\"ReadAction\",\"target\":[\"https:\\\/\\\/www.akvospiralift.com\\\/fr\\\/akvo-solutions\\\/installation-publique\\\/\"]}]},{\"@type\":\"BreadcrumbList\",\"@id\":\"https:\\\/\\\/www.akvospiralift.com\\\/fr\\\/akvo-solutions\\\/installation-publique\\\/#breadcrumb\",\"itemListElement\":[{\"@type\":\"ListItem\",\"position\":1,\"name\":\"Home\",\"item\":\"https:\\\/\\\/www.akvospiralift.com\\\/fr\\\/\"},{\"@type\":\"ListItem\",\"position\":2,\"name\":\"Akvo Solutions\",\"item\":\"https:\\\/\\\/www.akvospiralift.com\\\/fr\\\/akvo-solutions\\\/\"},{\"@type\":\"ListItem\",\"position\":3,\"name\":\"Installation publique\"}]},{\"@type\":\"WebSite\",\"@id\":\"https:\\\/\\\/www.akvospiralift.com\\\/#website\",\"url\":\"https:\\\/\\\/www.akvospiralift.com\\\/\",\"name\":\"AKVO Spiralift\",\"description\":\"\",\"potentialAction\":[{\"@type\":\"SearchAction\",\"target\":{\"@type\":\"EntryPoint\",\"urlTemplate\":\"https:\\\/\\\/www.akvospiralift.com\\\/?s={search_term_string}\"},\"query-input\":{\"@type\":\"PropertyValueSpecification\",\"valueRequired\":true,\"valueName\":\"search_term_string\"}}],\"inLanguage\":\"fr-FR\"}]}<\/script>\n<!-- \/ Yoast SEO plugin. -->","yoast_head_json":{"title":"Fond mobile pour piscine publique - AKVO Spiralift","robots":{"index":"index","follow":"follow","max-snippet":"max-snippet:-1","max-image-preview":"max-image-preview:large","max-video-preview":"max-video-preview:-1"},"canonical":"https:\/\/www.akvospiralift.com\/fr\/akvo-solutions\/installation-publique\/","og_locale":"fr_FR","og_type":"article","og_title":"Fond mobile pour piscine publique - AKVO Spiralift","og_description":"UNE FOULE D&rsquo;ACTIVIT\u00c9S AQUATIQUES Avec AKVO Spiralift\u00ae, votre piscine peut \u00eatre peu profonde ou plus profonde en quelques minutes, autant de fois par jour que votre installation le requiert. Imaginez une piscine qui peut accueillir des cours de natation, des matchs de water-polo et des cours d&rsquo;aquaforme ; une piscine qui peut s&rsquo;adapter rapidement aux [&hellip;]","og_url":"https:\/\/www.akvospiralift.com\/fr\/akvo-solutions\/installation-publique\/","og_site_name":"AKVO Spiralift","article_modified_time":"2023-05-17T13:35:35+00:00","twitter_misc":{"Dur\u00e9e de lecture estim\u00e9e":"1 minute"},"schema":{"@context":"https:\/\/schema.org","@graph":[{"@type":"WebPage","@id":"https:\/\/www.akvospiralift.com\/fr\/akvo-solutions\/installation-publique\/","url":"https:\/\/www.akvospiralift.com\/fr\/akvo-solutions\/installation-publique\/","name":"Fond mobile pour piscine publique - AKVO Spiralift","isPartOf":{"@id":"https:\/\/www.akvospiralift.com\/#website"},"datePublished":"2019-09-27T14:51:30+00:00","dateModified":"2023-05-17T13:35:35+00:00","breadcrumb":{"@id":"https:\/\/www.akvospiralift.com\/fr\/akvo-solutions\/installation-publique\/#breadcrumb"},"inLanguage":"fr-FR","potentialAction":[{"@type":"ReadAction","target":["https:\/\/www.akvospiralift.com\/fr\/akvo-solutions\/installation-publique\/"]}]},{"@type":"BreadcrumbList","@id":"https:\/\/www.akvospiralift.com\/fr\/akvo-solutions\/installation-publique\/#breadcrumb","itemListElement":[{"@type":"ListItem","position":1,"name":"Home","item":"https:\/\/www.akvospiralift.com\/fr\/"},{"@type":"ListItem","position":2,"name":"Akvo Solutions","item":"https:\/\/www.akvospiralift.com\/fr\/akvo-solutions\/"},{"@type":"ListItem","position":3,"name":"Installation publique"}]},{"@type":"WebSite","@id":"https:\/\/www.akvospiralift.com\/#website","url":"https:\/\/www.akvospiralift.com\/","name":"AKVO Spiralift","description":"","potentialAction":[{"@type":"SearchAction","target":{"@type":"EntryPoint","urlTemplate":"https:\/\/www.akvospiralift.com\/?s={search_term_string}"},"query-input":{"@type":"PropertyValueSpecification","valueRequired":true,"valueName":"search_term_string"}}],"inLanguage":"fr-FR"}]}},"_links":{"self":[{"href":"https:\/\/www.akvospiralift.com\/fr\/wp-json\/wp\/v2\/pages\/16103","targetHints":{"allow":["GET"]}}],"collection":[{"href":"https:\/\/www.akvospiralift.com\/fr\/wp-json\/wp\/v2\/pages"}],"about":[{"href":"https:\/\/www.akvospiralift.com\/fr\/wp-json\/wp\/v2\/types\/page"}],"author":[{"embeddable":true,"href":"https:\/\/www.akvospiralift.com\/fr\/wp-json\/wp\/v2\/users\/31"}],"replies":[{"embeddable":true,"href":"https:\/\/www.akvospiralift.com\/fr\/wp-json\/wp\/v2\/comments?post=16103"}],"version-history":[{"count":0,"href":"https:\/\/www.akvospiralift.com\/fr\/wp-json\/wp\/v2\/pages\/16103\/revisions"}],"up":[{"embeddable":true,"href":"https:\/\/www.akvospiralift.com\/fr\/wp-json\/wp\/v2\/pages\/16078"}],"wp:attachment":[{"href":"https:\/\/www.akvospiralift.com\/fr\/wp-json\/wp\/v2\/media?parent=16103"}],"curies":[{"name":"wp","href":"https:\/\/api.w.org\/{rel}","templated":true}]}}