{"id":16264,"date":"2019-10-30T19:26:17","date_gmt":"2019-10-30T19:26:17","guid":{"rendered":"https:\/\/www.akvospiralift.com\/akvo-solutions\/installation-publique\/movable-pool-floor-public\/"},"modified":"2020-01-22T09:46:48","modified_gmt":"2020-01-22T09:46:48","slug":"fonds-mobiles-pour-piscines","status":"publish","type":"page","link":"https:\/\/www.akvospiralift.com\/fr\/akvo-solutions\/installation-publique\/fonds-mobiles-pour-piscines\/","title":{"rendered":"Fonds mobiles pour piscines"},"content":{"rendered":"<p><span style=\"font-weight: 400;\">La transformation d&rsquo;une piscine implique l&rsquo;\u00e9l\u00e9vation et l&rsquo;abaissement du fond pour obtenir diff\u00e9rentes profondeurs. Cela permet d&rsquo;\u00e9largir l&rsquo;\u00e9ventail des activit\u00e9s aquatiques possibles et de disposer d&rsquo;un espace additionnel lorsque la piscine n&rsquo;est pas utilis\u00e9e. Au cours de ces derni\u00e8res ann\u00e9es, le syst\u00e8me a \u00e9t\u00e9 largement reconnu comme un moyen efficace de r\u00e9soudre les probl\u00e8mes d&rsquo;espace tout comme les enjeux de s\u00e9curit\u00e9.<\/span><\/p>\n","protected":false},"excerpt":{"rendered":"<p>La transformation d&rsquo;une piscine implique l&rsquo;\u00e9l\u00e9vation et l&rsquo;abaissement du fond pour obtenir diff\u00e9rentes profondeurs. Cela permet d&rsquo;\u00e9largir l&rsquo;\u00e9ventail des activit\u00e9s aquatiques possibles et de disposer d&rsquo;un espace additionnel lorsque la piscine n&rsquo;est pas utilis\u00e9e. Au cours de ces derni\u00e8res ann\u00e9es, le syst\u00e8me a \u00e9t\u00e9 largement reconnu comme un moyen efficace de r\u00e9soudre les probl\u00e8mes d&rsquo;espace [&hellip;]<\/p>\n","protected":false},"author":31,"featured_media":0,"parent":16103,"menu_order":0,"comment_status":"closed","ping_status":"closed","template":"template-movable-pool-floor.php","meta":{"_acf_changed":false,"footnotes":""},"class_list":["post-16264","page","type-page","status-publish","hentry"],"acf":[],"yoast_head":"<!-- This site is optimized with the Yoast SEO plugin v27.2 - https:\/\/yoast.com\/product\/yoast-seo-wordpress\/ -->\n<title>How Does a Movable Pool Floor for Public Pools Work? - AKVO Spiralift<\/title>\n<meta name=\"robots\" content=\"index, follow, max-snippet:-1, max-image-preview:large, max-video-preview:-1\" \/>\n<link rel=\"canonical\" href=\"https:\/\/www.akvospiralift.com\/fr\/akvo-solutions\/installation-publique\/fonds-mobiles-pour-piscines\/\" \/>\n<meta property=\"og:locale\" content=\"fr_FR\" \/>\n<meta property=\"og:type\" content=\"article\" \/>\n<meta property=\"og:title\" content=\"How Does a Movable Pool Floor for Public Pools Work? - AKVO Spiralift\" \/>\n<meta property=\"og:description\" content=\"La transformation d&rsquo;une piscine implique l&rsquo;\u00e9l\u00e9vation et l&rsquo;abaissement du fond pour obtenir diff\u00e9rentes profondeurs. Cela permet d&rsquo;\u00e9largir l&rsquo;\u00e9ventail des activit\u00e9s aquatiques possibles et de disposer d&rsquo;un espace additionnel lorsque la piscine n&rsquo;est pas utilis\u00e9e. Au cours de ces derni\u00e8res ann\u00e9es, le syst\u00e8me a \u00e9t\u00e9 largement reconnu comme un moyen efficace de r\u00e9soudre les probl\u00e8mes d&rsquo;espace [&hellip;]\" \/>\n<meta property=\"og:url\" content=\"https:\/\/www.akvospiralift.com\/fr\/akvo-solutions\/installation-publique\/fonds-mobiles-pour-piscines\/\" \/>\n<meta property=\"og:site_name\" content=\"AKVO Spiralift\" \/>\n<meta property=\"article:modified_time\" content=\"2020-01-22T09:46:48+00:00\" \/>\n<script type=\"application\/ld+json\" class=\"yoast-schema-graph\">{\"@context\":\"https:\/\/schema.org\",\"@graph\":[{\"@type\":\"WebPage\",\"@id\":\"https:\/\/www.akvospiralift.com\/fr\/akvo-solutions\/installation-publique\/fonds-mobiles-pour-piscines\/\",\"url\":\"https:\/\/www.akvospiralift.com\/fr\/akvo-solutions\/installation-publique\/fonds-mobiles-pour-piscines\/\",\"name\":\"How Does a Movable Pool Floor for Public Pools Work? - AKVO Spiralift\",\"isPartOf\":{\"@id\":\"https:\/\/www.akvospiralift.com\/#website\"},\"datePublished\":\"2019-10-30T19:26:17+00:00\",\"dateModified\":\"2020-01-22T09:46:48+00:00\",\"breadcrumb\":{\"@id\":\"https:\/\/www.akvospiralift.com\/fr\/akvo-solutions\/installation-publique\/fonds-mobiles-pour-piscines\/#breadcrumb\"},\"inLanguage\":\"fr-FR\",\"potentialAction\":[{\"@type\":\"ReadAction\",\"target\":[\"https:\/\/www.akvospiralift.com\/fr\/akvo-solutions\/installation-publique\/fonds-mobiles-pour-piscines\/\"]}]},{\"@type\":\"BreadcrumbList\",\"@id\":\"https:\/\/www.akvospiralift.com\/fr\/akvo-solutions\/installation-publique\/fonds-mobiles-pour-piscines\/#breadcrumb\",\"itemListElement\":[{\"@type\":\"ListItem\",\"position\":1,\"name\":\"Home\",\"item\":\"https:\/\/www.akvospiralift.com\/fr\/\"},{\"@type\":\"ListItem\",\"position\":2,\"name\":\"Akvo Solutions\",\"item\":\"https:\/\/www.akvospiralift.com\/fr\/akvo-solutions\/\"},{\"@type\":\"ListItem\",\"position\":3,\"name\":\"Installation publique\",\"item\":\"https:\/\/www.akvospiralift.com\/fr\/akvo-solutions\/installation-publique\/\"},{\"@type\":\"ListItem\",\"position\":4,\"name\":\"Fonds mobiles pour piscines\"}]},{\"@type\":\"WebSite\",\"@id\":\"https:\/\/www.akvospiralift.com\/#website\",\"url\":\"https:\/\/www.akvospiralift.com\/\",\"name\":\"AKVO Spiralift\",\"description\":\"\",\"potentialAction\":[{\"@type\":\"SearchAction\",\"target\":{\"@type\":\"EntryPoint\",\"urlTemplate\":\"https:\/\/www.akvospiralift.com\/?s={search_term_string}\"},\"query-input\":{\"@type\":\"PropertyValueSpecification\",\"valueRequired\":true,\"valueName\":\"search_term_string\"}}],\"inLanguage\":\"fr-FR\"}]}<\/script>\n<!-- \/ Yoast SEO plugin. -->","yoast_head_json":{"title":"How Does a Movable Pool Floor for Public Pools Work? - AKVO Spiralift","robots":{"index":"index","follow":"follow","max-snippet":"max-snippet:-1","max-image-preview":"max-image-preview:large","max-video-preview":"max-video-preview:-1"},"canonical":"https:\/\/www.akvospiralift.com\/fr\/akvo-solutions\/installation-publique\/fonds-mobiles-pour-piscines\/","og_locale":"fr_FR","og_type":"article","og_title":"How Does a Movable Pool Floor for Public Pools Work? - AKVO Spiralift","og_description":"La transformation d&rsquo;une piscine implique l&rsquo;\u00e9l\u00e9vation et l&rsquo;abaissement du fond pour obtenir diff\u00e9rentes profondeurs. Cela permet d&rsquo;\u00e9largir l&rsquo;\u00e9ventail des activit\u00e9s aquatiques possibles et de disposer d&rsquo;un espace additionnel lorsque la piscine n&rsquo;est pas utilis\u00e9e. Au cours de ces derni\u00e8res ann\u00e9es, le syst\u00e8me a \u00e9t\u00e9 largement reconnu comme un moyen efficace de r\u00e9soudre les probl\u00e8mes d&rsquo;espace [&hellip;]","og_url":"https:\/\/www.akvospiralift.com\/fr\/akvo-solutions\/installation-publique\/fonds-mobiles-pour-piscines\/","og_site_name":"AKVO Spiralift","article_modified_time":"2020-01-22T09:46:48+00:00","schema":{"@context":"https:\/\/schema.org","@graph":[{"@type":"WebPage","@id":"https:\/\/www.akvospiralift.com\/fr\/akvo-solutions\/installation-publique\/fonds-mobiles-pour-piscines\/","url":"https:\/\/www.akvospiralift.com\/fr\/akvo-solutions\/installation-publique\/fonds-mobiles-pour-piscines\/","name":"How Does a Movable Pool Floor for Public Pools Work? - AKVO Spiralift","isPartOf":{"@id":"https:\/\/www.akvospiralift.com\/#website"},"datePublished":"2019-10-30T19:26:17+00:00","dateModified":"2020-01-22T09:46:48+00:00","breadcrumb":{"@id":"https:\/\/www.akvospiralift.com\/fr\/akvo-solutions\/installation-publique\/fonds-mobiles-pour-piscines\/#breadcrumb"},"inLanguage":"fr-FR","potentialAction":[{"@type":"ReadAction","target":["https:\/\/www.akvospiralift.com\/fr\/akvo-solutions\/installation-publique\/fonds-mobiles-pour-piscines\/"]}]},{"@type":"BreadcrumbList","@id":"https:\/\/www.akvospiralift.com\/fr\/akvo-solutions\/installation-publique\/fonds-mobiles-pour-piscines\/#breadcrumb","itemListElement":[{"@type":"ListItem","position":1,"name":"Home","item":"https:\/\/www.akvospiralift.com\/fr\/"},{"@type":"ListItem","position":2,"name":"Akvo Solutions","item":"https:\/\/www.akvospiralift.com\/fr\/akvo-solutions\/"},{"@type":"ListItem","position":3,"name":"Installation publique","item":"https:\/\/www.akvospiralift.com\/fr\/akvo-solutions\/installation-publique\/"},{"@type":"ListItem","position":4,"name":"Fonds mobiles pour piscines"}]},{"@type":"WebSite","@id":"https:\/\/www.akvospiralift.com\/#website","url":"https:\/\/www.akvospiralift.com\/","name":"AKVO Spiralift","description":"","potentialAction":[{"@type":"SearchAction","target":{"@type":"EntryPoint","urlTemplate":"https:\/\/www.akvospiralift.com\/?s={search_term_string}"},"query-input":{"@type":"PropertyValueSpecification","valueRequired":true,"valueName":"search_term_string"}}],"inLanguage":"fr-FR"}]}},"_links":{"self":[{"href":"https:\/\/www.akvospiralift.com\/fr\/wp-json\/wp\/v2\/pages\/16264","targetHints":{"allow":["GET"]}}],"collection":[{"href":"https:\/\/www.akvospiralift.com\/fr\/wp-json\/wp\/v2\/pages"}],"about":[{"href":"https:\/\/www.akvospiralift.com\/fr\/wp-json\/wp\/v2\/types\/page"}],"author":[{"embeddable":true,"href":"https:\/\/www.akvospiralift.com\/fr\/wp-json\/wp\/v2\/users\/31"}],"replies":[{"embeddable":true,"href":"https:\/\/www.akvospiralift.com\/fr\/wp-json\/wp\/v2\/comments?post=16264"}],"version-history":[{"count":0,"href":"https:\/\/www.akvospiralift.com\/fr\/wp-json\/wp\/v2\/pages\/16264\/revisions"}],"up":[{"embeddable":true,"href":"https:\/\/www.akvospiralift.com\/fr\/wp-json\/wp\/v2\/pages\/16103"}],"wp:attachment":[{"href":"https:\/\/www.akvospiralift.com\/fr\/wp-json\/wp\/v2\/media?parent=16264"}],"curies":[{"name":"wp","href":"https:\/\/api.w.org\/{rel}","templated":true}]}}