{"id":22,"date":"2014-05-05T14:25:06","date_gmt":"2014-05-05T14:25:06","guid":{"rendered":"https:\/\/www.akvospiralift.com\/?page_id=22"},"modified":"2020-10-23T13:15:55","modified_gmt":"2020-10-23T13:15:55","slug":"a-propos","status":"publish","type":"page","link":"https:\/\/www.akvospiralift.com\/fr\/a-propos\/","title":{"rendered":"\u00c0 Propos"},"content":{"rendered":"<section id=\"block-information\">\n<div class=\"row\">\n<div class=\"col-lg-12\"><a href=\"https:\/\/www.akvospiralift.com\/fr\/nous-joindre\/\">Demande d&rsquo;information<\/a><\/div>\n<\/div>\n<\/section>\n<section id=\"block-esperanto\">\n<div class=\"row\">\n<div class=\"col-lg-12\">\n<div class=\"esperanto-title\">Akvo en Esp\u00e9ranto<\/div>\n<div class=\"section-subtitle\">Incarne l&rsquo;id\u00e9e de l&rsquo;eau<\/div>\n<\/div>\n<\/div>\n<\/section>\n<section id=\"block-solution\">\n<div class=\"container\">\n<div class=\"row\">\n<div class=\"col-md-6 left\">\n<div class=\"section-content\">\n<h1 class=\"section-subtitle\">La solution id\u00e9ale pour votre fond mobile de piscine<\/h1>\n<div class=\"section-subcontent\">La solution Akvo Spiralift<span class=\"marque\">\u00ae<\/span>utilise la technologie Spiralift, qui fournit aux concepteurs et aux constructeurs de piscines une solution \u00e0 grande capacit\u00e9 de charge permettant l&rsquo;\u00e9l\u00e9vation d&rsquo;un plancher de piscine \u00e0 la hauteur d\u00e9sir\u00e9e pour les aider \u00e0 cr\u00e9er des piscines aux fonctions multiples, adapt\u00e9es \u00e0 tout type d&rsquo;activit\u00e9.Akvo Spiralift<span class=\"marque\">\u00ae<\/span>offre une solution id\u00e9ale, durable et de faible entretien pour vos besoins en syst\u00e8me de levage de pr\u00e9cision, adapt\u00e9e aux piscines \u00e0 fond mobile de toutes tailles et \u00e0 tout cadre, qu\u2019il soit r\u00e9sidentiel, commercial ou public. Ainsi, Akvo Spiralift<span class=\"marque\">\u00ae<\/span>convient tant aux piscines publiques, institutionnelles ou th\u00e9rapeutiques qu\u2019\u00e0 l\u2019industrie de l\u2019h\u00f4tellerie, sans oublier les piscines r\u00e9sidentielles.<\/div>\n<\/div>\n<\/div>\n<div class=\"col-md-6 right\">\n<div class=\"section-content\">\n<div class=\"slider-wrapper theme-default slider-small\">\n<div id=\"slider-small\" class=\"nivoSlider\"><img decoding=\"async\" class=\"no-lazyload\" src=\"\/wp-content\/themes\/spiralift\/assets\/img\/about\/about-rendering-01.jpg\" alt=\"fond mobile de piscine\" data-thumb=\"\/wp-content\/themes\/spiralift\/assets\/img\/slide-thumb-01.png\" data-transition=\"fade\" \/><img decoding=\"async\" class=\"no-lazyload\" src=\"\/wp-content\/themes\/spiralift\/assets\/img\/about\/about-rendering-02.jpg\" alt=\"fond mobile de piscine\" data-thumb=\"\/wp-content\/themes\/spiralift\/assets\/img\/slide-thumb-02.png\" data-transition=\"fade\" \/><img decoding=\"async\" class=\"no-lazyload\" src=\"\/wp-content\/themes\/spiralift\/assets\/img\/about\/about-rendering-03.jpg\" alt=\"fond mobile de piscine\" data-thumb=\"\/wp-content\/themes\/spiralift\/assets\/img\/slide-thumb-03.png\" data-transition=\"fade\" \/><\/div>\n<\/div>\n<\/div>\n<\/div>\n<\/div>\n<\/div>\n<\/section>\n<section id=\"block-mission\">\n<div class=\"container\">\n<div class=\"row\">\n<div class=\"col-md-6 left\">\n<div class=\"section-content\"><img decoding=\"async\" src=\"\/wp-content\/themes\/spiralift\/assets\/img\/about\/approach.jpg\" alt=\"\u00c0 Propos - Notre Approche\" \/><\/div>\n<\/div>\n<div class=\"col-md-6 right\">\n<div class=\"section-content\">\n<div class=\"section-icon\"><\/div>\n<h1 class=\"section-subtitle\">Notre approche<\/h1>\n<div class=\"section-subcontent\">\n<p>Un accompagnement du d\u00e9but \u00e0 la fin, pour faire de vos projets de piscines \u00e0 fond mobile de v\u00e9ritables havres de relaxation et d\u2019activit\u00e9s s\u2019harmonisant \u00e0 vos besoins.<\/p>\n<div class=\"section-small-subtitle\">Nos collaborateurs<\/div>\n<p>Nous collaborons directement avec le piscinier, l\u2019architecte, le designer ou le ma\u00eetre d\u2019\u0153uvre pour fournir les moyens techniques les plus adapt\u00e9s \u00e0 la r\u00e9alisation de votre piscine et de son fond mobile Akvo Spiralift.<\/p>\n<\/div>\n<\/div>\n<\/div>\n<\/div>\n<\/div>\n<\/section>\n","protected":false},"excerpt":{"rendered":"<p>Demande d&rsquo;information Akvo en Esp\u00e9ranto Incarne l&rsquo;id\u00e9e de l&rsquo;eau La solution id\u00e9ale pour votre fond mobile de piscine La solution Akvo Spiralift\u00aeutilise la technologie Spiralift, qui fournit aux concepteurs et aux constructeurs de piscines une solution \u00e0 grande capacit\u00e9 de charge permettant l&rsquo;\u00e9l\u00e9vation d&rsquo;un plancher de piscine \u00e0 la hauteur d\u00e9sir\u00e9e pour les aider \u00e0 [&hellip;]<\/p>\n","protected":false},"author":1,"featured_media":0,"parent":0,"menu_order":0,"comment_status":"open","ping_status":"open","template":"template-new-about.php","meta":{"_acf_changed":false,"footnotes":""},"class_list":["post-22","page","type-page","status-publish","hentry"],"acf":[],"yoast_head":"<!-- This site is optimized with the Yoast SEO plugin v27.2 - https:\/\/yoast.com\/product\/yoast-seo-wordpress\/ -->\n<title>\u00c0 propos de nous - AKVO Spiralift<\/title>\n<meta name=\"description\" content=\"La solution pour fond mobile de piscine Akvo Spiralift\u00aeutilise la technologie Spiralift, qui fournit aux concepteurs et aux constructeurs de piscines une solution \u00e0 grande capacit\u00e9 de charge permettant l\u2019\u00e9l\u00e9vation d\u2019un plancher de piscine \u00e0 la hauteur d\u00e9sir\u00e9e\" \/>\n<meta name=\"robots\" content=\"index, follow, max-snippet:-1, max-image-preview:large, max-video-preview:-1\" \/>\n<link rel=\"canonical\" href=\"https:\/\/www.akvospiralift.com\/fr\/a-propos\/\" \/>\n<meta property=\"og:locale\" content=\"fr_FR\" \/>\n<meta property=\"og:type\" content=\"article\" \/>\n<meta property=\"og:title\" content=\"\u00c0 propos de nous - AKVO Spiralift\" \/>\n<meta property=\"og:description\" content=\"La solution pour fond mobile de piscine Akvo Spiralift\u00aeutilise la technologie Spiralift, qui fournit aux concepteurs et aux constructeurs de piscines une solution \u00e0 grande capacit\u00e9 de charge permettant l\u2019\u00e9l\u00e9vation d\u2019un plancher de piscine \u00e0 la hauteur d\u00e9sir\u00e9e\" \/>\n<meta property=\"og:url\" content=\"https:\/\/www.akvospiralift.com\/fr\/a-propos\/\" \/>\n<meta property=\"og:site_name\" content=\"AKVO Spiralift\" \/>\n<meta property=\"article:modified_time\" content=\"2020-10-23T13:15:55+00:00\" \/>\n<meta name=\"twitter:label1\" content=\"Dur\u00e9e de lecture estim\u00e9e\" \/>\n\t<meta name=\"twitter:data1\" content=\"1 minute\" \/>\n<script type=\"application\/ld+json\" class=\"yoast-schema-graph\">{\"@context\":\"https:\/\/schema.org\",\"@graph\":[{\"@type\":\"WebPage\",\"@id\":\"https:\/\/www.akvospiralift.com\/fr\/a-propos\/\",\"url\":\"https:\/\/www.akvospiralift.com\/fr\/a-propos\/\",\"name\":\"\u00c0 propos de nous - AKVO Spiralift\",\"isPartOf\":{\"@id\":\"https:\/\/www.akvospiralift.com\/#website\"},\"datePublished\":\"2014-05-05T14:25:06+00:00\",\"dateModified\":\"2020-10-23T13:15:55+00:00\",\"description\":\"La solution pour fond mobile de piscine Akvo Spiralift\u00aeutilise la technologie Spiralift, qui fournit aux concepteurs et aux constructeurs de piscines une solution \u00e0 grande capacit\u00e9 de charge permettant l\u2019\u00e9l\u00e9vation d\u2019un plancher de piscine \u00e0 la hauteur d\u00e9sir\u00e9e\",\"breadcrumb\":{\"@id\":\"https:\/\/www.akvospiralift.com\/fr\/a-propos\/#breadcrumb\"},\"inLanguage\":\"fr-FR\",\"potentialAction\":[{\"@type\":\"ReadAction\",\"target\":[\"https:\/\/www.akvospiralift.com\/fr\/a-propos\/\"]}]},{\"@type\":\"BreadcrumbList\",\"@id\":\"https:\/\/www.akvospiralift.com\/fr\/a-propos\/#breadcrumb\",\"itemListElement\":[{\"@type\":\"ListItem\",\"position\":1,\"name\":\"Home\",\"item\":\"https:\/\/www.akvospiralift.com\/fr\/\"},{\"@type\":\"ListItem\",\"position\":2,\"name\":\"\u00c0 Propos\"}]},{\"@type\":\"WebSite\",\"@id\":\"https:\/\/www.akvospiralift.com\/#website\",\"url\":\"https:\/\/www.akvospiralift.com\/\",\"name\":\"AKVO Spiralift\",\"description\":\"\",\"potentialAction\":[{\"@type\":\"SearchAction\",\"target\":{\"@type\":\"EntryPoint\",\"urlTemplate\":\"https:\/\/www.akvospiralift.com\/?s={search_term_string}\"},\"query-input\":{\"@type\":\"PropertyValueSpecification\",\"valueRequired\":true,\"valueName\":\"search_term_string\"}}],\"inLanguage\":\"fr-FR\"}]}<\/script>\n<!-- \/ Yoast SEO plugin. -->","yoast_head_json":{"title":"\u00c0 propos de nous - AKVO Spiralift","description":"La solution pour fond mobile de piscine Akvo Spiralift\u00aeutilise la technologie Spiralift, qui fournit aux concepteurs et aux constructeurs de piscines une solution \u00e0 grande capacit\u00e9 de charge permettant l\u2019\u00e9l\u00e9vation d\u2019un plancher de piscine \u00e0 la hauteur d\u00e9sir\u00e9e","robots":{"index":"index","follow":"follow","max-snippet":"max-snippet:-1","max-image-preview":"max-image-preview:large","max-video-preview":"max-video-preview:-1"},"canonical":"https:\/\/www.akvospiralift.com\/fr\/a-propos\/","og_locale":"fr_FR","og_type":"article","og_title":"\u00c0 propos de nous - AKVO Spiralift","og_description":"La solution pour fond mobile de piscine Akvo Spiralift\u00aeutilise la technologie Spiralift, qui fournit aux concepteurs et aux constructeurs de piscines une solution \u00e0 grande capacit\u00e9 de charge permettant l\u2019\u00e9l\u00e9vation d\u2019un plancher de piscine \u00e0 la hauteur d\u00e9sir\u00e9e","og_url":"https:\/\/www.akvospiralift.com\/fr\/a-propos\/","og_site_name":"AKVO Spiralift","article_modified_time":"2020-10-23T13:15:55+00:00","twitter_misc":{"Dur\u00e9e de lecture estim\u00e9e":"1 minute"},"schema":{"@context":"https:\/\/schema.org","@graph":[{"@type":"WebPage","@id":"https:\/\/www.akvospiralift.com\/fr\/a-propos\/","url":"https:\/\/www.akvospiralift.com\/fr\/a-propos\/","name":"\u00c0 propos de nous - AKVO Spiralift","isPartOf":{"@id":"https:\/\/www.akvospiralift.com\/#website"},"datePublished":"2014-05-05T14:25:06+00:00","dateModified":"2020-10-23T13:15:55+00:00","description":"La solution pour fond mobile de piscine Akvo Spiralift\u00aeutilise la technologie Spiralift, qui fournit aux concepteurs et aux constructeurs de piscines une solution \u00e0 grande capacit\u00e9 de charge permettant l\u2019\u00e9l\u00e9vation d\u2019un plancher de piscine \u00e0 la hauteur d\u00e9sir\u00e9e","breadcrumb":{"@id":"https:\/\/www.akvospiralift.com\/fr\/a-propos\/#breadcrumb"},"inLanguage":"fr-FR","potentialAction":[{"@type":"ReadAction","target":["https:\/\/www.akvospiralift.com\/fr\/a-propos\/"]}]},{"@type":"BreadcrumbList","@id":"https:\/\/www.akvospiralift.com\/fr\/a-propos\/#breadcrumb","itemListElement":[{"@type":"ListItem","position":1,"name":"Home","item":"https:\/\/www.akvospiralift.com\/fr\/"},{"@type":"ListItem","position":2,"name":"\u00c0 Propos"}]},{"@type":"WebSite","@id":"https:\/\/www.akvospiralift.com\/#website","url":"https:\/\/www.akvospiralift.com\/","name":"AKVO Spiralift","description":"","potentialAction":[{"@type":"SearchAction","target":{"@type":"EntryPoint","urlTemplate":"https:\/\/www.akvospiralift.com\/?s={search_term_string}"},"query-input":{"@type":"PropertyValueSpecification","valueRequired":true,"valueName":"search_term_string"}}],"inLanguage":"fr-FR"}]}},"_links":{"self":[{"href":"https:\/\/www.akvospiralift.com\/fr\/wp-json\/wp\/v2\/pages\/22","targetHints":{"allow":["GET"]}}],"collection":[{"href":"https:\/\/www.akvospiralift.com\/fr\/wp-json\/wp\/v2\/pages"}],"about":[{"href":"https:\/\/www.akvospiralift.com\/fr\/wp-json\/wp\/v2\/types\/page"}],"author":[{"embeddable":true,"href":"https:\/\/www.akvospiralift.com\/fr\/wp-json\/wp\/v2\/users\/1"}],"replies":[{"embeddable":true,"href":"https:\/\/www.akvospiralift.com\/fr\/wp-json\/wp\/v2\/comments?post=22"}],"version-history":[{"count":0,"href":"https:\/\/www.akvospiralift.com\/fr\/wp-json\/wp\/v2\/pages\/22\/revisions"}],"wp:attachment":[{"href":"https:\/\/www.akvospiralift.com\/fr\/wp-json\/wp\/v2\/media?parent=22"}],"curies":[{"name":"wp","href":"https:\/\/api.w.org\/{rel}","templated":true}]}}